{"id":644,"date":"2016-06-27T18:43:59","date_gmt":"2016-06-27T18:43:59","guid":{"rendered":"https:\/\/tecnoam.es\/?page_id=644"},"modified":"2022-03-24T15:05:43","modified_gmt":"2022-03-24T15:05:43","slug":"contacto","status":"publish","type":"page","link":"https:\/\/tecnoam.es\/?page_id=644","title":{"rendered":"Contacto"},"content":{"rendered":"<p>[et_pb_section fb_built=\u00bb1&#8243; fullwidth=\u00bbon\u00bb admin_label=\u00bbsection\u00bb _builder_version=\u00bb3.22&#8243; global_colors_info=\u00bb{}\u00bb][et_pb_fullwidth_code _builder_version=\u00bb4.5.6&#8243; _module_preset=\u00bbdefault\u00bb global_colors_info=\u00bb{}\u00bb]<iframe loading=\"lazy\" src=\"https:\/\/www.google.com\/maps\/embed?pb=!1m18!1m12!1m3!1d2964.8501709038956!2d-4.512901684554947!3d42.00349097921238!2m3!1f0!2f0!3f0!3m2!1i1024!2i768!4f13.1!3m3!1m2!1s0xd47b02cb3100bf1%3A0x44129d9955f89a2a!2sTECNOAM!5e0!3m2!1ses!2ses!4v1597126723729!5m2!1ses!2ses\" width=\"100%\" height=\"450\" frameborder=\"0\" style=\"border:0;\" allowfullscreen=\"\" aria-hidden=\"false\" tabindex=\"0\"><\/iframe>[\/et_pb_fullwidth_code][\/et_pb_section][et_pb_section fb_built=\u00bb1&#8243; admin_label=\u00bbsection\u00bb _builder_version=\u00bb3.22&#8243; global_colors_info=\u00bb{}\u00bb][et_pb_row column_structure=\u00bb2_3,1_3&#8243; admin_label=\u00bbrow\u00bb _builder_version=\u00bb3.25&#8243; background_size=\u00bbinitial\u00bb background_position=\u00bbtop_left\u00bb background_repeat=\u00bbrepeat\u00bb global_colors_info=\u00bb{}\u00bb][et_pb_column type=\u00bb2_3&#8243; _builder_version=\u00bb3.25&#8243; custom_padding=\u00bb|||\u00bb global_colors_info=\u00bb{}\u00bb custom_padding__hover=\u00bb|||\u00bb][et_pb_contact_form email=\u00bbinfo@tecnoam.es\u00bb title=\u00bbContacte con nosotros\u00bb admin_label=\u00bbContact Form\u00bb _builder_version=\u00bb4.13.1&#8243; _unique_id=\u00bbbc48dd1a-1002-438e-b20e-770c46dbe5eb\u00bb border_radii=\u00bbon|0px|0px|0px|0px\u00bb use_border_color=\u00bboff\u00bb border_color=\u00bb#ffffff\u00bb border_style=\u00bbsolid\u00bb input_border_radius=\u00bb0&#8243; global_colors_info=\u00bb{}\u00bb button_letter_spacing_hover=\u00bb0&#8243;][et_pb_contact_field field_id=\u00bbName\u00bb field_title=\u00bbNombre\u00bb _builder_version=\u00bb3.16&#8243; global_colors_info=\u00bb{}\u00bb button_text_size__hover_enabled=\u00bboff\u00bb button_one_text_size__hover_enabled=\u00bboff\u00bb button_two_text_size__hover_enabled=\u00bboff\u00bb button_text_color__hover_enabled=\u00bboff\u00bb button_one_text_color__hover_enabled=\u00bboff\u00bb button_two_text_color__hover_enabled=\u00bboff\u00bb button_border_width__hover_enabled=\u00bboff\u00bb button_one_border_width__hover_enabled=\u00bboff\u00bb button_two_border_width__hover_enabled=\u00bboff\u00bb button_border_color__hover_enabled=\u00bboff\u00bb button_one_border_color__hover_enabled=\u00bboff\u00bb button_two_border_color__hover_enabled=\u00bboff\u00bb button_border_radius__hover_enabled=\u00bboff\u00bb button_one_border_radius__hover_enabled=\u00bboff\u00bb button_two_border_radius__hover_enabled=\u00bboff\u00bb button_letter_spacing__hover_enabled=\u00bboff\u00bb button_one_letter_spacing__hover_enabled=\u00bboff\u00bb button_two_letter_spacing__hover_enabled=\u00bboff\u00bb button_bg_color__hover_enabled=\u00bboff\u00bb button_one_bg_color__hover_enabled=\u00bboff\u00bb button_two_bg_color__hover_enabled=\u00bboff\u00bb][\/et_pb_contact_field][et_pb_contact_field field_id=\u00bbEmail\u00bb field_title=\u00bbDirecci\u00f3n de correo electr\u00f3nico\u00bb field_type=\u00bbemail\u00bb _builder_version=\u00bb3.16&#8243; global_colors_info=\u00bb{}\u00bb button_text_size__hover_enabled=\u00bboff\u00bb button_one_text_size__hover_enabled=\u00bboff\u00bb button_two_text_size__hover_enabled=\u00bboff\u00bb button_text_color__hover_enabled=\u00bboff\u00bb button_one_text_color__hover_enabled=\u00bboff\u00bb button_two_text_color__hover_enabled=\u00bboff\u00bb button_border_width__hover_enabled=\u00bboff\u00bb button_one_border_width__hover_enabled=\u00bboff\u00bb button_two_border_width__hover_enabled=\u00bboff\u00bb button_border_color__hover_enabled=\u00bboff\u00bb button_one_border_color__hover_enabled=\u00bboff\u00bb button_two_border_color__hover_enabled=\u00bboff\u00bb button_border_radius__hover_enabled=\u00bboff\u00bb button_one_border_radius__hover_enabled=\u00bboff\u00bb button_two_border_radius__hover_enabled=\u00bboff\u00bb button_letter_spacing__hover_enabled=\u00bboff\u00bb button_one_letter_spacing__hover_enabled=\u00bboff\u00bb button_two_letter_spacing__hover_enabled=\u00bboff\u00bb button_bg_color__hover_enabled=\u00bboff\u00bb button_one_bg_color__hover_enabled=\u00bboff\u00bb button_two_bg_color__hover_enabled=\u00bboff\u00bb][\/et_pb_contact_field][et_pb_contact_field field_id=\u00bbMessage\u00bb field_title=\u00bbMensaje\u00bb field_type=\u00bbtext\u00bb _builder_version=\u00bb3.16&#8243; global_colors_info=\u00bb{}\u00bb button_text_size__hover_enabled=\u00bboff\u00bb button_one_text_size__hover_enabled=\u00bboff\u00bb button_two_text_size__hover_enabled=\u00bboff\u00bb button_text_color__hover_enabled=\u00bboff\u00bb button_one_text_color__hover_enabled=\u00bboff\u00bb button_two_text_color__hover_enabled=\u00bboff\u00bb button_border_width__hover_enabled=\u00bboff\u00bb button_one_border_width__hover_enabled=\u00bboff\u00bb button_two_border_width__hover_enabled=\u00bboff\u00bb button_border_color__hover_enabled=\u00bboff\u00bb button_one_border_color__hover_enabled=\u00bboff\u00bb button_two_border_color__hover_enabled=\u00bboff\u00bb button_border_radius__hover_enabled=\u00bboff\u00bb button_one_border_radius__hover_enabled=\u00bboff\u00bb button_two_border_radius__hover_enabled=\u00bboff\u00bb button_letter_spacing__hover_enabled=\u00bboff\u00bb button_one_letter_spacing__hover_enabled=\u00bboff\u00bb button_two_letter_spacing__hover_enabled=\u00bboff\u00bb button_bg_color__hover_enabled=\u00bboff\u00bb button_one_bg_color__hover_enabled=\u00bboff\u00bb button_two_bg_color__hover_enabled=\u00bboff\u00bb][\/et_pb_contact_field][\/et_pb_contact_form][\/et_pb_column][et_pb_column type=\u00bb1_3&#8243; _builder_version=\u00bb3.25&#8243; custom_padding=\u00bb|||\u00bb global_colors_info=\u00bb{}\u00bb custom_padding__hover=\u00bb|||\u00bb][et_pb_text admin_label=\u00bbText\u00bb _builder_version=\u00bb3.27.4&#8243; background_size=\u00bbinitial\u00bb background_position=\u00bbtop_left\u00bb background_repeat=\u00bbrepeat\u00bb use_border_color=\u00bboff\u00bb border_color=\u00bb#ffffff\u00bb border_style=\u00bbsolid\u00bb global_colors_info=\u00bb{}\u00bb]<\/p>\n<h1>Vis\u00edtenos<\/h1>\n<p>Puede encontrarnos en nuestras oficinas, ubicadas en el pol\u00edgono industrial de Palencia.<\/p>\n<p><strong>Direcci\u00f3n:<\/strong>&nbsp;Calle Francia 44<br \/>\nC.P.: 34004 PALENCIA<\/p>\n<p><strong>Tel\u00e9fono:<\/strong>&nbsp;979 100 483<\/p>\n<p><strong>Email:<\/strong>&nbsp;info@tecnoam.es<br \/>\n[\/et_pb_text][\/et_pb_column][\/et_pb_row][\/et_pb_section][et_pb_section fb_built=\u00bb1&#8243; _builder_version=\u00bb4.5.6&#8243; _module_preset=\u00bbdefault\u00bb custom_margin=\u00bb-59px||0px||false|false\u00bb global_colors_info=\u00bb{}\u00bb][et_pb_row _builder_version=\u00bb4.5.6&#8243; _module_preset=\u00bbdefault\u00bb global_colors_info=\u00bb{}\u00bb][et_pb_column type=\u00bb4_4&#8243; _builder_version=\u00bb4.5.6&#8243; _module_preset=\u00bbdefault\u00bb global_colors_info=\u00bb{}\u00bb][et_pb_text _builder_version=\u00bb4.5.6&#8243; _module_preset=\u00bbdefault\u00bb text_font=\u00bb|300|||||||\u00bb text_font_size=\u00bb12px\u00bb text_orientation=\u00bbjustified\u00bb global_colors_info=\u00bb{}\u00bb]<\/p>\n<p>Haciendo click en enviar usted autoriza a que Tecnolog\u00eda Avanzada del Montaje SL archive sus datos de contacto personal, de empresa y direcci\u00f3n de email. En cumplimiento con el RGPD (UE) 679\/2016 y a la LO 3\/2018, de 5 de diciembre, de Protecci\u00f3n de Datos personales y garant\u00eda de los derechos digitales, le informamos que sus datos personales, de empresa y direcci\u00f3n de e-mail pasar\u00e1n a formar parte de nuestro fichero de Clientes, debidamente inscrito en el Registro General de Protecci\u00f3n de Datos para las finalidades de mantenimiento de la relaci\u00f3n contractual o precontractual y comercial, pudiendo ejercitar sus derechos de acceso, rectificaci\u00f3n, cancelaci\u00f3n y oposici\u00f3n en cualquier momento poni\u00e9ndose en contacto con Tecnolog\u00eda Avanzada del Montaje SL seg\u00fan los datos de contacto contenidos en esta p\u00e1gina web y en el email info@tecnoam.es.<\/p>\n<p>[\/et_pb_text][\/et_pb_column][\/et_pb_row][\/et_pb_section]<\/p>\n","protected":false},"excerpt":{"rendered":"<p>Vis\u00edtenos Puede encontrarnos en nuestras oficinas, ubicadas en el pol\u00edgono industrial de Palencia. Direcci\u00f3n:&nbsp;Calle Francia 44 C.P.: 34004 PALENCIA Tel\u00e9fono:&nbsp;979 100 483 Email:&nbsp;info@tecnoam.es Haciendo click en enviar usted autoriza a que Tecnolog\u00eda Avanzada del Montaje SL archive sus datos de contacto personal, de empresa y direcci\u00f3n de email. En cumplimiento con el RGPD (UE) 679\/2016 [&hellip;]<\/p>\n","protected":false},"author":1,"featured_media":0,"parent":0,"menu_order":0,"comment_status":"closed","ping_status":"closed","template":"","meta":{"_et_pb_use_builder":"on","_et_pb_old_content":"","_et_gb_content_width":"","footnotes":""},"class_list":["post-644","page","type-page","status-publish","hentry"],"yoast_head":"<!-- This site is optimized with the Yoast SEO plugin v24.0 - https:\/\/yoast.com\/wordpress\/plugins\/seo\/ -->\n<title>Contacto - Tecnoam<\/title>\n<meta name=\"description\" content=\"Para cualquier duda, puedes contactar con nosotros por tel\u00e9fono, email o visitarnos en nuestras instalaciones.\" \/>\n<meta name=\"robots\" content=\"index, follow, max-snippet:-1, max-image-preview:large, max-video-preview:-1\" \/>\n<link rel=\"canonical\" href=\"https:\/\/tecnoam.es\/?page_id=644\" \/>\n<meta property=\"og:locale\" content=\"es_ES\" \/>\n<meta property=\"og:type\" content=\"article\" \/>\n<meta property=\"og:title\" content=\"Contacto - Tecnoam\" \/>\n<meta property=\"og:description\" content=\"Para cualquier duda, puedes contactar con nosotros por tel\u00e9fono, email o visitarnos en nuestras instalaciones.\" \/>\n<meta property=\"og:url\" content=\"https:\/\/tecnoam.es\/?page_id=644\" \/>\n<meta property=\"og:site_name\" content=\"Tecnoam\" \/>\n<meta property=\"article:publisher\" content=\"https:\/\/www.facebook.com\/tecnoamsl\" \/>\n<meta property=\"article:modified_time\" content=\"2022-03-24T15:05:43+00:00\" \/>\n<meta name=\"twitter:card\" content=\"summary_large_image\" \/>\n<meta name=\"twitter:site\" content=\"@tecnoamsl\" \/>\n<meta name=\"twitter:label1\" content=\"Tiempo de lectura\" \/>\n\t<meta name=\"twitter:data1\" content=\"5 minutos\" \/>\n<script type=\"application\/ld+json\" class=\"yoast-schema-graph\">{\"@context\":\"https:\/\/schema.org\",\"@graph\":[{\"@type\":\"WebPage\",\"@id\":\"https:\/\/tecnoam.es\/?page_id=644\",\"url\":\"https:\/\/tecnoam.es\/?page_id=644\",\"name\":\"Contacto - Tecnoam\",\"isPartOf\":{\"@id\":\"https:\/\/tecnoam.es\/#website\"},\"datePublished\":\"2016-06-27T18:43:59+00:00\",\"dateModified\":\"2022-03-24T15:05:43+00:00\",\"description\":\"Para cualquier duda, puedes contactar con nosotros por tel\u00e9fono, email o visitarnos en nuestras instalaciones.\",\"breadcrumb\":{\"@id\":\"https:\/\/tecnoam.es\/?page_id=644#breadcrumb\"},\"inLanguage\":\"es\",\"potentialAction\":[{\"@type\":\"ReadAction\",\"target\":[\"https:\/\/tecnoam.es\/?page_id=644\"]}]},{\"@type\":\"BreadcrumbList\",\"@id\":\"https:\/\/tecnoam.es\/?page_id=644#breadcrumb\",\"itemListElement\":[{\"@type\":\"ListItem\",\"position\":1,\"name\":\"Portada\",\"item\":\"https:\/\/tecnoam.es\/\"},{\"@type\":\"ListItem\",\"position\":2,\"name\":\"Contacto\"}]},{\"@type\":\"WebSite\",\"@id\":\"https:\/\/tecnoam.es\/#website\",\"url\":\"https:\/\/tecnoam.es\/\",\"name\":\"Tecnoam\",\"description\":\"Instalaci\u00f3n y mantenimiento de energ\u00eda solar fotovoltaica\",\"publisher\":{\"@id\":\"https:\/\/tecnoam.es\/#organization\"},\"potentialAction\":[{\"@type\":\"SearchAction\",\"target\":{\"@type\":\"EntryPoint\",\"urlTemplate\":\"https:\/\/tecnoam.es\/?s={search_term_string}\"},\"query-input\":{\"@type\":\"PropertyValueSpecification\",\"valueRequired\":true,\"valueName\":\"search_term_string\"}}],\"inLanguage\":\"es\"},{\"@type\":\"Organization\",\"@id\":\"https:\/\/tecnoam.es\/#organization\",\"name\":\"Tecnoam\",\"url\":\"https:\/\/tecnoam.es\/\",\"logo\":{\"@type\":\"ImageObject\",\"inLanguage\":\"es\",\"@id\":\"https:\/\/tecnoam.es\/#\/schema\/logo\/image\/\",\"url\":\"\",\"contentUrl\":\"\",\"caption\":\"Tecnoam\"},\"image\":{\"@id\":\"https:\/\/tecnoam.es\/#\/schema\/logo\/image\/\"},\"sameAs\":[\"https:\/\/www.facebook.com\/tecnoamsl\",\"https:\/\/x.com\/tecnoamsl\",\"https:\/\/www.linkedin.com\/company\/tecnoam\"]}]}<\/script>\n<!-- \/ Yoast SEO plugin. -->","yoast_head_json":{"title":"Contacto - Tecnoam","description":"Para cualquier duda, puedes contactar con nosotros por tel\u00e9fono, email o visitarnos en nuestras instalaciones.","robots":{"index":"index","follow":"follow","max-snippet":"max-snippet:-1","max-image-preview":"max-image-preview:large","max-video-preview":"max-video-preview:-1"},"canonical":"https:\/\/tecnoam.es\/?page_id=644","og_locale":"es_ES","og_type":"article","og_title":"Contacto - Tecnoam","og_description":"Para cualquier duda, puedes contactar con nosotros por tel\u00e9fono, email o visitarnos en nuestras instalaciones.","og_url":"https:\/\/tecnoam.es\/?page_id=644","og_site_name":"Tecnoam","article_publisher":"https:\/\/www.facebook.com\/tecnoamsl","article_modified_time":"2022-03-24T15:05:43+00:00","twitter_card":"summary_large_image","twitter_site":"@tecnoamsl","twitter_misc":{"Tiempo de lectura":"5 minutos"},"schema":{"@context":"https:\/\/schema.org","@graph":[{"@type":"WebPage","@id":"https:\/\/tecnoam.es\/?page_id=644","url":"https:\/\/tecnoam.es\/?page_id=644","name":"Contacto - Tecnoam","isPartOf":{"@id":"https:\/\/tecnoam.es\/#website"},"datePublished":"2016-06-27T18:43:59+00:00","dateModified":"2022-03-24T15:05:43+00:00","description":"Para cualquier duda, puedes contactar con nosotros por tel\u00e9fono, email o visitarnos en nuestras instalaciones.","breadcrumb":{"@id":"https:\/\/tecnoam.es\/?page_id=644#breadcrumb"},"inLanguage":"es","potentialAction":[{"@type":"ReadAction","target":["https:\/\/tecnoam.es\/?page_id=644"]}]},{"@type":"BreadcrumbList","@id":"https:\/\/tecnoam.es\/?page_id=644#breadcrumb","itemListElement":[{"@type":"ListItem","position":1,"name":"Portada","item":"https:\/\/tecnoam.es\/"},{"@type":"ListItem","position":2,"name":"Contacto"}]},{"@type":"WebSite","@id":"https:\/\/tecnoam.es\/#website","url":"https:\/\/tecnoam.es\/","name":"Tecnoam","description":"Instalaci\u00f3n y mantenimiento de energ\u00eda solar fotovoltaica","publisher":{"@id":"https:\/\/tecnoam.es\/#organization"},"potentialAction":[{"@type":"SearchAction","target":{"@type":"EntryPoint","urlTemplate":"https:\/\/tecnoam.es\/?s={search_term_string}"},"query-input":{"@type":"PropertyValueSpecification","valueRequired":true,"valueName":"search_term_string"}}],"inLanguage":"es"},{"@type":"Organization","@id":"https:\/\/tecnoam.es\/#organization","name":"Tecnoam","url":"https:\/\/tecnoam.es\/","logo":{"@type":"ImageObject","inLanguage":"es","@id":"https:\/\/tecnoam.es\/#\/schema\/logo\/image\/","url":"","contentUrl":"","caption":"Tecnoam"},"image":{"@id":"https:\/\/tecnoam.es\/#\/schema\/logo\/image\/"},"sameAs":["https:\/\/www.facebook.com\/tecnoamsl","https:\/\/x.com\/tecnoamsl","https:\/\/www.linkedin.com\/company\/tecnoam"]}]}},"jetpack_sharing_enabled":true,"_links":{"self":[{"href":"https:\/\/tecnoam.es\/index.php?rest_route=\/wp\/v2\/pages\/644","targetHints":{"allow":["GET"]}}],"collection":[{"href":"https:\/\/tecnoam.es\/index.php?rest_route=\/wp\/v2\/pages"}],"about":[{"href":"https:\/\/tecnoam.es\/index.php?rest_route=\/wp\/v2\/types\/page"}],"author":[{"embeddable":true,"href":"https:\/\/tecnoam.es\/index.php?rest_route=\/wp\/v2\/users\/1"}],"replies":[{"embeddable":true,"href":"https:\/\/tecnoam.es\/index.php?rest_route=%2Fwp%2Fv2%2Fcomments&post=644"}],"version-history":[{"count":7,"href":"https:\/\/tecnoam.es\/index.php?rest_route=\/wp\/v2\/pages\/644\/revisions"}],"predecessor-version":[{"id":4452,"href":"https:\/\/tecnoam.es\/index.php?rest_route=\/wp\/v2\/pages\/644\/revisions\/4452"}],"wp:attachment":[{"href":"https:\/\/tecnoam.es\/index.php?rest_route=%2Fwp%2Fv2%2Fmedia&parent=644"}],"curies":[{"name":"wp","href":"https:\/\/api.w.org\/{rel}","templated":true}]}}