{"id":3972,"date":"2021-09-29T16:38:04","date_gmt":"2021-09-29T16:38:04","guid":{"rendered":"https:\/\/tecnoam.es\/?page_id=3972"},"modified":"2024-01-25T09:31:31","modified_gmt":"2024-01-25T09:31:31","slug":"eficiencia-enegetica-instalacion-electrica-industrial","status":"publish","type":"page","link":"https:\/\/tecnoam.es\/?page_id=3972","title":{"rendered":"Eficiencia"},"content":{"rendered":"<p>[et_pb_section fb_built=\u00bb1&#8243; _builder_version=\u00bb4.24.0&#8243; _module_preset=\u00bbdefault\u00bb custom_padding=\u00bb0px||||false|false\u00bb global_colors_info=\u00bb{}\u00bb][et_pb_row _builder_version=\u00bb4.24.0&#8243; _module_preset=\u00bbdefault\u00bb custom_padding=\u00bb0px||||false|false\u00bb global_colors_info=\u00bb{}\u00bb][et_pb_column type=\u00bb4_4&#8243; _builder_version=\u00bb4.16&#8243; _module_preset=\u00bbdefault\u00bb global_colors_info=\u00bb{}\u00bb][et_pb_text _builder_version=\u00bb4.16&#8243; _module_preset=\u00bbdefault\u00bb text_font=\u00bb|300|||||||\u00bb text_text_color=\u00bb#ffffff\u00bb text_font_size=\u00bb21px\u00bb header_font=\u00bb|800|||||||\u00bb header_text_color=\u00bb#FFFFFF\u00bb header_font_size=\u00bb40px\u00bb background_color=\u00bb#282828&#8243; custom_margin=\u00bb||||false|false\u00bb custom_padding=\u00bb30px|30px|30px|30px|false|false\u00bb border_color_all=\u00bb#FFFFFF\u00bb border_style_all=\u00bbdashed\u00bb global_colors_info=\u00bb{}\u00bb]<\/p>\n<h1>Soluciones de eficiencia energ\u00e9tica<\/h1>\n<p>Disponemos de soluciones para ofrecer el m\u00e1ximo nivel de potencia contratada, evitando el exceso de m\u00e1xima demanda debido a la conexi\u00f3n simult\u00e1nea de cargas.<\/p>\n<p><span style=\"background-color: yellow; color: #000;\"><strong>Evite penalizaciones en su factura el\u00e9ctrica, por exceso de potencia contratada.\u00a0<\/strong><\/span><\/p>\n<p>[\/et_pb_text][et_pb_image src=\u00bbhttps:\/\/tecnoam.es\/wp-content\/uploads\/2021\/09\/recortedepicos.jpg\u00bb alt=\u00bbrecorte de picos\u00bb title_text=\u00bbrecorte de picos\u00bb align=\u00bbcenter\u00bb _builder_version=\u00bb4.16&#8243; _module_preset=\u00bbdefault\u00bb border_radii=\u00bbon|8px|8px|8px|8px\u00bb border_width_all=\u00bb1px\u00bb border_style_all=\u00bbdashed\u00bb global_colors_info=\u00bb{}\u00bb][\/et_pb_image][\/et_pb_column][\/et_pb_row][et_pb_row column_structure=\u00bb1_2,1_2&#8243; _builder_version=\u00bb4.16&#8243; _module_preset=\u00bbdefault\u00bb global_colors_info=\u00bb{}\u00bb][et_pb_column type=\u00bb1_2&#8243; _builder_version=\u00bb4.16&#8243; _module_preset=\u00bbdefault\u00bb global_colors_info=\u00bb{}\u00bb][et_pb_text _builder_version=\u00bb4.16&#8243; _module_preset=\u00bbdefault\u00bb text_font=\u00bb|300|||||||\u00bb text_font_size=\u00bb19px\u00bb header_font=\u00bb|800|||||||\u00bb header_font_size=\u00bb39px\u00bb global_colors_info=\u00bb{}\u00bb]<\/p>\n<h1>La soluci\u00f3n que proponemos:<\/h1>\n<p>&nbsp;<\/p>\n<p>1) Evitar los picos de consumo, sobre todo si suponen exceder la potencia contratada, y si es posible, minimizarlos, cuando la energ\u00eda el\u00e9ctrica resulta m\u00e1s cara.<\/p>\n<p>2) Desplazar el consumo de las cargas a otros periodos de menor \u00abestr\u00e9s\u00bb de la red el\u00e9ctrica, cuando esas cargas no son estrictamente necesarias.<\/p>\n<p>[\/et_pb_text][\/et_pb_column][et_pb_column type=\u00bb1_2&#8243; _builder_version=\u00bb4.16&#8243; _module_preset=\u00bbdefault\u00bb global_colors_info=\u00bb{}\u00bb][et_pb_text _builder_version=\u00bb4.16&#8243; _module_preset=\u00bbdefault\u00bb text_font=\u00bb|300|||||||\u00bb text_font_size=\u00bb19px\u00bb header_font=\u00bb|800|on||||||\u00bb global_colors_info=\u00bb{}\u00bb]<\/p>\n<h1>Peak Shaving (recorte de picos de consumo el\u00e9ctrico)<\/h1>\n<p>Recortamos los picos de consumo el\u00e9ctrico gestionando las cargas el\u00e9ctricas en perfecta armon\u00eda.<\/p>\n<p>[\/et_pb_text][et_pb_text _builder_version=\u00bb4.16&#8243; _module_preset=\u00bbdefault\u00bb text_font=\u00bb|300|||||||\u00bb text_font_size=\u00bb19px\u00bb header_font=\u00bb|800|on||||||\u00bb global_colors_info=\u00bb{}\u00bb]<\/p>\n<h1>Desplazamiento de la demanda de energ\u00eda el\u00e9ctrica<\/h1>\n<p>Desplazamos el consumo de cargas el\u00e9ctricas no cr\u00edticas a periodos de mayor solvencia energ\u00e9tica.<\/p>\n<p>[\/et_pb_text][\/et_pb_column][\/et_pb_row][et_pb_row _builder_version=\u00bb4.16&#8243; _module_preset=\u00bbdefault\u00bb global_colors_info=\u00bb{}\u00bb][et_pb_column type=\u00bb4_4&#8243; _builder_version=\u00bb4.16&#8243; _module_preset=\u00bbdefault\u00bb global_colors_info=\u00bb{}\u00bb][et_pb_accordion open_toggle_background_color=\u00bb#ffffff\u00bb closed_toggle_background_color=\u00bbrgba(150,150,150,0.24)\u00bb icon_color=\u00bb#686868&#8243; use_icon_font_size=\u00bbon\u00bb icon_font_size=\u00bb28px\u00bb _builder_version=\u00bb4.16&#8243; _module_preset=\u00bbdefault\u00bb toggle_font=\u00bb|800|||||||\u00bb toggle_text_align=\u00bbcenter\u00bb toggle_font_size=\u00bb26px\u00bb body_font=\u00bb|300|||||||\u00bb body_font_size=\u00bb19px\u00bb text_orientation=\u00bbcenter\u00bb global_colors_info=\u00bb{}\u00bb][et_pb_accordion_item title=\u00bbCompleto\u00bb open=\u00bbon\u00bb _builder_version=\u00bb4.16&#8243; _module_preset=\u00bbdefault\u00bb global_colors_info=\u00bb{}\u00bb]<\/p>\n<p>Detallada monitorizaci\u00f3n donde visualizar\u00e1 las maniobras del sistema en tiempo real.<\/p>\n<p>[\/et_pb_accordion_item][et_pb_accordion_item title=\u00bbFlexible\u00bb _builder_version=\u00bb4.16&#8243; _module_preset=\u00bbdefault\u00bb global_colors_info=\u00bb{}\u00bb open=\u00bboff\u00bb]<\/p>\n<p>Diferentes potencias seg\u00fan configuraci\u00f3n horaria.<\/p>\n<p>[\/et_pb_accordion_item][et_pb_accordion_item title=\u00bbPr\u00e1ctico\u00bb _builder_version=\u00bb4.16&#8243; _module_preset=\u00bbdefault\u00bb global_colors_info=\u00bb{}\u00bb open=\u00bboff\u00bb]<\/p>\n<p>Gesti\u00f3n autom\u00e1tica o manual, e incluso remota.<\/p>\n<p>[\/et_pb_accordion_item][et_pb_accordion_item title=\u00bbComunicable\u00bb _builder_version=\u00bb4.16&#8243; _module_preset=\u00bbdefault\u00bb global_colors_info=\u00bb{}\u00bb open=\u00bboff\u00bb]<\/p>\n<p>Comunicaciones Ethernet y RS485, env\u00edo de emails&#8230;<\/p>\n<p>[\/et_pb_accordion_item][\/et_pb_accordion][\/et_pb_column][\/et_pb_row][\/et_pb_section]<\/p>\n","protected":false},"excerpt":{"rendered":"<p>Soluciones de eficiencia energ\u00e9tica Disponemos de soluciones para ofrecer el m\u00e1ximo nivel de potencia contratada, evitando el exceso de m\u00e1xima demanda debido a la conexi\u00f3n simult\u00e1nea de cargas. Evite penalizaciones en su factura el\u00e9ctrica, por exceso de potencia contratada.\u00a0La soluci\u00f3n que proponemos: &nbsp; 1) Evitar los picos de consumo, sobre todo si suponen exceder la [&hellip;]<\/p>\n","protected":false},"author":1,"featured_media":0,"parent":0,"menu_order":0,"comment_status":"closed","ping_status":"closed","template":"","meta":{"_et_pb_use_builder":"on","_et_pb_old_content":"","_et_gb_content_width":"","footnotes":""},"class_list":["post-3972","page","type-page","status-publish","hentry"],"yoast_head":"<!-- This site is optimized with the Yoast SEO plugin v24.0 - https:\/\/yoast.com\/wordpress\/plugins\/seo\/ -->\n<title>Eficiencia - Tecnoam<\/title>\n<meta name=\"description\" content=\"Eficiencia energ\u00e9tica de instalaciones el\u00e9ctricas industriales. Peak shaving, desplazamiento de la demanda de energ\u00eda el\u00e9ctrica.\" \/>\n<meta name=\"robots\" content=\"index, follow, max-snippet:-1, max-image-preview:large, max-video-preview:-1\" \/>\n<link rel=\"canonical\" href=\"https:\/\/tecnoam.es\/?page_id=3972\" \/>\n<meta property=\"og:locale\" content=\"es_ES\" \/>\n<meta property=\"og:type\" content=\"article\" \/>\n<meta property=\"og:title\" content=\"Eficiencia - Tecnoam\" \/>\n<meta property=\"og:description\" content=\"Eficiencia energ\u00e9tica de instalaciones el\u00e9ctricas industriales. Peak shaving, desplazamiento de la demanda de energ\u00eda el\u00e9ctrica.\" \/>\n<meta property=\"og:url\" content=\"https:\/\/tecnoam.es\/?page_id=3972\" \/>\n<meta property=\"og:site_name\" content=\"Tecnoam\" \/>\n<meta property=\"article:publisher\" content=\"https:\/\/www.facebook.com\/tecnoamsl\" \/>\n<meta property=\"article:modified_time\" content=\"2024-01-25T09:31:31+00:00\" \/>\n<meta name=\"twitter:card\" content=\"summary_large_image\" \/>\n<meta name=\"twitter:site\" content=\"@tecnoamsl\" \/>\n<meta name=\"twitter:label1\" content=\"Tiempo de lectura\" \/>\n\t<meta name=\"twitter:data1\" content=\"1 minuto\" \/>\n<script type=\"application\/ld+json\" class=\"yoast-schema-graph\">{\"@context\":\"https:\/\/schema.org\",\"@graph\":[{\"@type\":\"WebPage\",\"@id\":\"https:\/\/tecnoam.es\/?page_id=3972\",\"url\":\"https:\/\/tecnoam.es\/?page_id=3972\",\"name\":\"Eficiencia - Tecnoam\",\"isPartOf\":{\"@id\":\"https:\/\/tecnoam.es\/#website\"},\"datePublished\":\"2021-09-29T16:38:04+00:00\",\"dateModified\":\"2024-01-25T09:31:31+00:00\",\"description\":\"Eficiencia energ\u00e9tica de instalaciones el\u00e9ctricas industriales. Peak shaving, desplazamiento de la demanda de energ\u00eda el\u00e9ctrica.\",\"breadcrumb\":{\"@id\":\"https:\/\/tecnoam.es\/?page_id=3972#breadcrumb\"},\"inLanguage\":\"es\",\"potentialAction\":[{\"@type\":\"ReadAction\",\"target\":[\"https:\/\/tecnoam.es\/?page_id=3972\"]}]},{\"@type\":\"BreadcrumbList\",\"@id\":\"https:\/\/tecnoam.es\/?page_id=3972#breadcrumb\",\"itemListElement\":[{\"@type\":\"ListItem\",\"position\":1,\"name\":\"Portada\",\"item\":\"https:\/\/tecnoam.es\/\"},{\"@type\":\"ListItem\",\"position\":2,\"name\":\"Eficiencia\"}]},{\"@type\":\"WebSite\",\"@id\":\"https:\/\/tecnoam.es\/#website\",\"url\":\"https:\/\/tecnoam.es\/\",\"name\":\"Tecnoam\",\"description\":\"Instalaci\u00f3n y mantenimiento de energ\u00eda solar fotovoltaica\",\"publisher\":{\"@id\":\"https:\/\/tecnoam.es\/#organization\"},\"potentialAction\":[{\"@type\":\"SearchAction\",\"target\":{\"@type\":\"EntryPoint\",\"urlTemplate\":\"https:\/\/tecnoam.es\/?s={search_term_string}\"},\"query-input\":{\"@type\":\"PropertyValueSpecification\",\"valueRequired\":true,\"valueName\":\"search_term_string\"}}],\"inLanguage\":\"es\"},{\"@type\":\"Organization\",\"@id\":\"https:\/\/tecnoam.es\/#organization\",\"name\":\"Tecnoam\",\"url\":\"https:\/\/tecnoam.es\/\",\"logo\":{\"@type\":\"ImageObject\",\"inLanguage\":\"es\",\"@id\":\"https:\/\/tecnoam.es\/#\/schema\/logo\/image\/\",\"url\":\"\",\"contentUrl\":\"\",\"caption\":\"Tecnoam\"},\"image\":{\"@id\":\"https:\/\/tecnoam.es\/#\/schema\/logo\/image\/\"},\"sameAs\":[\"https:\/\/www.facebook.com\/tecnoamsl\",\"https:\/\/x.com\/tecnoamsl\",\"https:\/\/www.linkedin.com\/company\/tecnoam\"]}]}<\/script>\n<!-- \/ Yoast SEO plugin. -->","yoast_head_json":{"title":"Eficiencia - Tecnoam","description":"Eficiencia energ\u00e9tica de instalaciones el\u00e9ctricas industriales. Peak shaving, desplazamiento de la demanda de energ\u00eda el\u00e9ctrica.","robots":{"index":"index","follow":"follow","max-snippet":"max-snippet:-1","max-image-preview":"max-image-preview:large","max-video-preview":"max-video-preview:-1"},"canonical":"https:\/\/tecnoam.es\/?page_id=3972","og_locale":"es_ES","og_type":"article","og_title":"Eficiencia - Tecnoam","og_description":"Eficiencia energ\u00e9tica de instalaciones el\u00e9ctricas industriales. Peak shaving, desplazamiento de la demanda de energ\u00eda el\u00e9ctrica.","og_url":"https:\/\/tecnoam.es\/?page_id=3972","og_site_name":"Tecnoam","article_publisher":"https:\/\/www.facebook.com\/tecnoamsl","article_modified_time":"2024-01-25T09:31:31+00:00","twitter_card":"summary_large_image","twitter_site":"@tecnoamsl","twitter_misc":{"Tiempo de lectura":"1 minuto"},"schema":{"@context":"https:\/\/schema.org","@graph":[{"@type":"WebPage","@id":"https:\/\/tecnoam.es\/?page_id=3972","url":"https:\/\/tecnoam.es\/?page_id=3972","name":"Eficiencia - Tecnoam","isPartOf":{"@id":"https:\/\/tecnoam.es\/#website"},"datePublished":"2021-09-29T16:38:04+00:00","dateModified":"2024-01-25T09:31:31+00:00","description":"Eficiencia energ\u00e9tica de instalaciones el\u00e9ctricas industriales. Peak shaving, desplazamiento de la demanda de energ\u00eda el\u00e9ctrica.","breadcrumb":{"@id":"https:\/\/tecnoam.es\/?page_id=3972#breadcrumb"},"inLanguage":"es","potentialAction":[{"@type":"ReadAction","target":["https:\/\/tecnoam.es\/?page_id=3972"]}]},{"@type":"BreadcrumbList","@id":"https:\/\/tecnoam.es\/?page_id=3972#breadcrumb","itemListElement":[{"@type":"ListItem","position":1,"name":"Portada","item":"https:\/\/tecnoam.es\/"},{"@type":"ListItem","position":2,"name":"Eficiencia"}]},{"@type":"WebSite","@id":"https:\/\/tecnoam.es\/#website","url":"https:\/\/tecnoam.es\/","name":"Tecnoam","description":"Instalaci\u00f3n y mantenimiento de energ\u00eda solar fotovoltaica","publisher":{"@id":"https:\/\/tecnoam.es\/#organization"},"potentialAction":[{"@type":"SearchAction","target":{"@type":"EntryPoint","urlTemplate":"https:\/\/tecnoam.es\/?s={search_term_string}"},"query-input":{"@type":"PropertyValueSpecification","valueRequired":true,"valueName":"search_term_string"}}],"inLanguage":"es"},{"@type":"Organization","@id":"https:\/\/tecnoam.es\/#organization","name":"Tecnoam","url":"https:\/\/tecnoam.es\/","logo":{"@type":"ImageObject","inLanguage":"es","@id":"https:\/\/tecnoam.es\/#\/schema\/logo\/image\/","url":"","contentUrl":"","caption":"Tecnoam"},"image":{"@id":"https:\/\/tecnoam.es\/#\/schema\/logo\/image\/"},"sameAs":["https:\/\/www.facebook.com\/tecnoamsl","https:\/\/x.com\/tecnoamsl","https:\/\/www.linkedin.com\/company\/tecnoam"]}]}},"jetpack_sharing_enabled":true,"_links":{"self":[{"href":"https:\/\/tecnoam.es\/index.php?rest_route=\/wp\/v2\/pages\/3972","targetHints":{"allow":["GET"]}}],"collection":[{"href":"https:\/\/tecnoam.es\/index.php?rest_route=\/wp\/v2\/pages"}],"about":[{"href":"https:\/\/tecnoam.es\/index.php?rest_route=\/wp\/v2\/types\/page"}],"author":[{"embeddable":true,"href":"https:\/\/tecnoam.es\/index.php?rest_route=\/wp\/v2\/users\/1"}],"replies":[{"embeddable":true,"href":"https:\/\/tecnoam.es\/index.php?rest_route=%2Fwp%2Fv2%2Fcomments&post=3972"}],"version-history":[{"count":20,"href":"https:\/\/tecnoam.es\/index.php?rest_route=\/wp\/v2\/pages\/3972\/revisions"}],"predecessor-version":[{"id":4882,"href":"https:\/\/tecnoam.es\/index.php?rest_route=\/wp\/v2\/pages\/3972\/revisions\/4882"}],"wp:attachment":[{"href":"https:\/\/tecnoam.es\/index.php?rest_route=%2Fwp%2Fv2%2Fmedia&parent=3972"}],"curies":[{"name":"wp","href":"https:\/\/api.w.org\/{rel}","templated":true}]}}