{"id":3044,"date":"2021-02-23T15:24:49","date_gmt":"2021-02-23T15:24:49","guid":{"rendered":"https:\/\/tecnoam.es\/?page_id=3044"},"modified":"2024-02-16T16:49:45","modified_gmt":"2024-02-16T16:49:45","slug":"algunos-de-nuestros-proyectos-recientes","status":"publish","type":"page","link":"https:\/\/tecnoam.es\/?page_id=3044","title":{"rendered":"Algunos de nuestros proyectos recientes"},"content":{"rendered":"\n[et_pb_section fb_built=\u00bb1&#8243; _builder_version=\u00bb4.16&#8243; _module_preset=\u00bbdefault\u00bb global_colors_info=\u00bb{}\u00bb][et_pb_row _builder_version=\u00bb4.16&#8243; _module_preset=\u00bbdefault\u00bb custom_padding=\u00bb0px||0px||false|false\u00bb global_colors_info=\u00bb{}\u00bb][et_pb_column type=\u00bb4_4&#8243; _builder_version=\u00bb4.16&#8243; _module_preset=\u00bbdefault\u00bb global_colors_info=\u00bb{}\u00bb][et_pb_text _builder_version=\u00bb4.16&#8243; _module_preset=\u00bbdefault\u00bb text_text_color=\u00bb#E02B20&#8243; header_font=\u00bb|800|||||||\u00bb global_colors_info=\u00bb{}\u00bb]<h1 style=\"text-align: center;\"><strong>Algunas de nuestras instalaciones realizadas<\/strong><\/h1>[\/et_pb_text][\/et_pb_column][\/et_pb_row][et_pb_row _builder_version=\u00bb4.16&#8243; _module_preset=\u00bbdefault\u00bb global_colors_info=\u00bb{}\u00bb][et_pb_column type=\u00bb4_4&#8243; _builder_version=\u00bb4.16&#8243; _module_preset=\u00bbdefault\u00bb global_colors_info=\u00bb{}\u00bb][et_pb_filterable_portfolio fullwidth=\u00bboff\u00bb posts_number=\u00bb100&#8243; include_categories=\u00bb41,40,38,39&#8243; zoom_icon_color=\u00bbrgba(255,255,255,0.74)\u00bb hover_overlay_color=\u00bbrgba(224,153,0,0.42)\u00bb _builder_version=\u00bb4.24.0&#8243; _module_preset=\u00bbdefault\u00bb title_font=\u00bb|800|||||||\u00bb title_font_size=\u00bb14px\u00bb filter_font=\u00bb|800|||||||\u00bb filter_font_size=\u00bb14px\u00bb caption_font=\u00bb|300|||||||\u00bb caption_font_size=\u00bb14px\u00bb pagination_font=\u00bb|800|||||||\u00bb text_orientation=\u00bbcenter\u00bb custom_margin=\u00bb||||false|false\u00bb hover_enabled=\u00bb0&#8243; border_radii_image=\u00bbon|3px|3px|3px|3px\u00bb global_colors_info=\u00bb{}\u00bb hover_icon=\u00bb&#xf185;||fa||900&#8243; sticky_enabled=\u00bb0&#8243;][\/et_pb_filterable_portfolio][\/et_pb_column][\/et_pb_row][\/et_pb_section]\n","protected":false},"excerpt":{"rendered":"<p>Algunas de nuestras instalaciones realizadas<\/p>\n","protected":false},"author":1,"featured_media":0,"parent":0,"menu_order":0,"comment_status":"closed","ping_status":"closed","template":"","meta":{"_et_pb_use_builder":"on","_et_pb_old_content":"","_et_gb_content_width":"","footnotes":""},"class_list":["post-3044","page","type-page","status-publish","hentry"],"yoast_head":"<!-- This site is optimized with the Yoast SEO plugin v24.0 - https:\/\/yoast.com\/wordpress\/plugins\/seo\/ -->\n<title>Algunas de las instalaciones fotovoltaicas que hemos realizado - Tecnoam<\/title>\n<meta name=\"description\" content=\"Aqu\u00ed puedes ver alguno de nuestros trabajos. Entre ellos, est\u00e1n instalaciones fotovoltaicas de todo tipo y tama\u00f1o.\" \/>\n<meta name=\"robots\" content=\"index, follow, max-snippet:-1, max-image-preview:large, max-video-preview:-1\" \/>\n<link rel=\"canonical\" href=\"https:\/\/tecnoam.es\/?page_id=3044\" \/>\n<meta property=\"og:locale\" content=\"es_ES\" \/>\n<meta property=\"og:type\" content=\"article\" \/>\n<meta property=\"og:title\" content=\"Algunas de las instalaciones fotovoltaicas que hemos realizado - Tecnoam\" \/>\n<meta property=\"og:description\" content=\"Aqu\u00ed puedes ver alguno de nuestros trabajos. Entre ellos, est\u00e1n instalaciones fotovoltaicas de todo tipo y tama\u00f1o.\" \/>\n<meta property=\"og:url\" content=\"https:\/\/tecnoam.es\/?page_id=3044\" \/>\n<meta property=\"og:site_name\" content=\"Tecnoam\" \/>\n<meta property=\"article:publisher\" content=\"https:\/\/www.facebook.com\/tecnoamsl\" \/>\n<meta property=\"article:modified_time\" content=\"2024-02-16T16:49:45+00:00\" \/>\n<meta name=\"twitter:card\" content=\"summary_large_image\" \/>\n<meta name=\"twitter:site\" content=\"@tecnoamsl\" \/>\n<meta name=\"twitter:label1\" content=\"Tiempo de lectura\" \/>\n\t<meta name=\"twitter:data1\" content=\"21 minutos\" \/>\n<script type=\"application\/ld+json\" class=\"yoast-schema-graph\">{\"@context\":\"https:\/\/schema.org\",\"@graph\":[{\"@type\":\"WebPage\",\"@id\":\"https:\/\/tecnoam.es\/?page_id=3044\",\"url\":\"https:\/\/tecnoam.es\/?page_id=3044\",\"name\":\"Algunas de las instalaciones fotovoltaicas que hemos realizado - Tecnoam\",\"isPartOf\":{\"@id\":\"https:\/\/tecnoam.es\/#website\"},\"datePublished\":\"2021-02-23T15:24:49+00:00\",\"dateModified\":\"2024-02-16T16:49:45+00:00\",\"description\":\"Aqu\u00ed puedes ver alguno de nuestros trabajos. Entre ellos, est\u00e1n instalaciones fotovoltaicas de todo tipo y tama\u00f1o.\",\"breadcrumb\":{\"@id\":\"https:\/\/tecnoam.es\/?page_id=3044#breadcrumb\"},\"inLanguage\":\"es\",\"potentialAction\":[{\"@type\":\"ReadAction\",\"target\":[\"https:\/\/tecnoam.es\/?page_id=3044\"]}]},{\"@type\":\"BreadcrumbList\",\"@id\":\"https:\/\/tecnoam.es\/?page_id=3044#breadcrumb\",\"itemListElement\":[{\"@type\":\"ListItem\",\"position\":1,\"name\":\"Portada\",\"item\":\"https:\/\/tecnoam.es\/\"},{\"@type\":\"ListItem\",\"position\":2,\"name\":\"Algunos de nuestros proyectos recientes\"}]},{\"@type\":\"WebSite\",\"@id\":\"https:\/\/tecnoam.es\/#website\",\"url\":\"https:\/\/tecnoam.es\/\",\"name\":\"Tecnoam\",\"description\":\"Instalaci\u00f3n y mantenimiento de energ\u00eda solar fotovoltaica\",\"publisher\":{\"@id\":\"https:\/\/tecnoam.es\/#organization\"},\"potentialAction\":[{\"@type\":\"SearchAction\",\"target\":{\"@type\":\"EntryPoint\",\"urlTemplate\":\"https:\/\/tecnoam.es\/?s={search_term_string}\"},\"query-input\":{\"@type\":\"PropertyValueSpecification\",\"valueRequired\":true,\"valueName\":\"search_term_string\"}}],\"inLanguage\":\"es\"},{\"@type\":\"Organization\",\"@id\":\"https:\/\/tecnoam.es\/#organization\",\"name\":\"Tecnoam\",\"url\":\"https:\/\/tecnoam.es\/\",\"logo\":{\"@type\":\"ImageObject\",\"inLanguage\":\"es\",\"@id\":\"https:\/\/tecnoam.es\/#\/schema\/logo\/image\/\",\"url\":\"\",\"contentUrl\":\"\",\"caption\":\"Tecnoam\"},\"image\":{\"@id\":\"https:\/\/tecnoam.es\/#\/schema\/logo\/image\/\"},\"sameAs\":[\"https:\/\/www.facebook.com\/tecnoamsl\",\"https:\/\/x.com\/tecnoamsl\",\"https:\/\/www.linkedin.com\/company\/tecnoam\"]}]}<\/script>\n<!-- \/ Yoast SEO plugin. -->","yoast_head_json":{"title":"Algunas de las instalaciones fotovoltaicas que hemos realizado - Tecnoam","description":"Aqu\u00ed puedes ver alguno de nuestros trabajos. Entre ellos, est\u00e1n instalaciones fotovoltaicas de todo tipo y tama\u00f1o.","robots":{"index":"index","follow":"follow","max-snippet":"max-snippet:-1","max-image-preview":"max-image-preview:large","max-video-preview":"max-video-preview:-1"},"canonical":"https:\/\/tecnoam.es\/?page_id=3044","og_locale":"es_ES","og_type":"article","og_title":"Algunas de las instalaciones fotovoltaicas que hemos realizado - Tecnoam","og_description":"Aqu\u00ed puedes ver alguno de nuestros trabajos. Entre ellos, est\u00e1n instalaciones fotovoltaicas de todo tipo y tama\u00f1o.","og_url":"https:\/\/tecnoam.es\/?page_id=3044","og_site_name":"Tecnoam","article_publisher":"https:\/\/www.facebook.com\/tecnoamsl","article_modified_time":"2024-02-16T16:49:45+00:00","twitter_card":"summary_large_image","twitter_site":"@tecnoamsl","twitter_misc":{"Tiempo de lectura":"21 minutos"},"schema":{"@context":"https:\/\/schema.org","@graph":[{"@type":"WebPage","@id":"https:\/\/tecnoam.es\/?page_id=3044","url":"https:\/\/tecnoam.es\/?page_id=3044","name":"Algunas de las instalaciones fotovoltaicas que hemos realizado - Tecnoam","isPartOf":{"@id":"https:\/\/tecnoam.es\/#website"},"datePublished":"2021-02-23T15:24:49+00:00","dateModified":"2024-02-16T16:49:45+00:00","description":"Aqu\u00ed puedes ver alguno de nuestros trabajos. Entre ellos, est\u00e1n instalaciones fotovoltaicas de todo tipo y tama\u00f1o.","breadcrumb":{"@id":"https:\/\/tecnoam.es\/?page_id=3044#breadcrumb"},"inLanguage":"es","potentialAction":[{"@type":"ReadAction","target":["https:\/\/tecnoam.es\/?page_id=3044"]}]},{"@type":"BreadcrumbList","@id":"https:\/\/tecnoam.es\/?page_id=3044#breadcrumb","itemListElement":[{"@type":"ListItem","position":1,"name":"Portada","item":"https:\/\/tecnoam.es\/"},{"@type":"ListItem","position":2,"name":"Algunos de nuestros proyectos recientes"}]},{"@type":"WebSite","@id":"https:\/\/tecnoam.es\/#website","url":"https:\/\/tecnoam.es\/","name":"Tecnoam","description":"Instalaci\u00f3n y mantenimiento de energ\u00eda solar fotovoltaica","publisher":{"@id":"https:\/\/tecnoam.es\/#organization"},"potentialAction":[{"@type":"SearchAction","target":{"@type":"EntryPoint","urlTemplate":"https:\/\/tecnoam.es\/?s={search_term_string}"},"query-input":{"@type":"PropertyValueSpecification","valueRequired":true,"valueName":"search_term_string"}}],"inLanguage":"es"},{"@type":"Organization","@id":"https:\/\/tecnoam.es\/#organization","name":"Tecnoam","url":"https:\/\/tecnoam.es\/","logo":{"@type":"ImageObject","inLanguage":"es","@id":"https:\/\/tecnoam.es\/#\/schema\/logo\/image\/","url":"","contentUrl":"","caption":"Tecnoam"},"image":{"@id":"https:\/\/tecnoam.es\/#\/schema\/logo\/image\/"},"sameAs":["https:\/\/www.facebook.com\/tecnoamsl","https:\/\/x.com\/tecnoamsl","https:\/\/www.linkedin.com\/company\/tecnoam"]}]}},"jetpack_sharing_enabled":true,"_links":{"self":[{"href":"https:\/\/tecnoam.es\/index.php?rest_route=\/wp\/v2\/pages\/3044","targetHints":{"allow":["GET"]}}],"collection":[{"href":"https:\/\/tecnoam.es\/index.php?rest_route=\/wp\/v2\/pages"}],"about":[{"href":"https:\/\/tecnoam.es\/index.php?rest_route=\/wp\/v2\/types\/page"}],"author":[{"embeddable":true,"href":"https:\/\/tecnoam.es\/index.php?rest_route=\/wp\/v2\/users\/1"}],"replies":[{"embeddable":true,"href":"https:\/\/tecnoam.es\/index.php?rest_route=%2Fwp%2Fv2%2Fcomments&post=3044"}],"version-history":[{"count":18,"href":"https:\/\/tecnoam.es\/index.php?rest_route=\/wp\/v2\/pages\/3044\/revisions"}],"predecessor-version":[{"id":5067,"href":"https:\/\/tecnoam.es\/index.php?rest_route=\/wp\/v2\/pages\/3044\/revisions\/5067"}],"wp:attachment":[{"href":"https:\/\/tecnoam.es\/index.php?rest_route=%2Fwp%2Fv2%2Fmedia&parent=3044"}],"curies":[{"name":"wp","href":"https:\/\/api.w.org\/{rel}","templated":true}]}}