{"id":2,"date":"2016-06-21T10:49:02","date_gmt":"2016-06-21T10:49:02","guid":{"rendered":"http:\/\/localhost\/tecnoam\/?page_id=2"},"modified":"2025-01-27T16:42:17","modified_gmt":"2025-01-27T16:42:17","slug":"home","status":"publish","type":"page","link":"https:\/\/tecnoam.es\/","title":{"rendered":"Home"},"content":{"rendered":"<p>[et_pb_section fb_built=\u00bb1&#8243; fullwidth=\u00bbon\u00bb _builder_version=\u00bb4.24.0&#8243; _module_preset=\u00bbdefault\u00bb background_image=\u00bbhttps:\/\/tecnoam.es\/wp-content\/uploads\/2021\/02\/conexionredsayaton2.jpg\u00bb custom_margin=\u00bb118px||||false|false\u00bb global_colors_info=\u00bb{}\u00bb][et_pb_fullwidth_slider use_bg_overlay=\u00bboff\u00bb use_text_overlay=\u00bboff\u00bb _builder_version=\u00bb4.27.4&#8243; _module_preset=\u00bbdefault\u00bb background_image=\u00bbhttps:\/\/tecnoam.es\/wp-content\/uploads\/2023\/12\/1c74f623-ebda-43e0-9f7a-d032a14c9e78.png\u00bb custom_margin=\u00bb-87px||||false|false\u00bb custom_padding=\u00bb0px||||false|false\u00bb global_colors_info=\u00bb{}\u00bb][et_pb_slide heading=\u00bbEspecialistas en energ\u00eda fotovoltaica.\u00bb button_text=\u00bbM\u00e1s informaci\u00f3n\u00bb button_link=\u00bbhttps:\/\/tecnoam.es\/?page_id=644&#8243; use_bg_overlay=\u00bboff\u00bb use_text_overlay=\u00bbon\u00bb text_overlay_color=\u00bbrgba(255,255,255,0.61)\u00bb _builder_version=\u00bb4.24.0&#8243; _module_preset=\u00bbdefault\u00bb header_font=\u00bb|800|||||||\u00bb header_text_color=\u00bb#000000&#8243; header_font_size=\u00bb32px\u00bb body_font=\u00bb|300|||||||\u00bb body_text_color=\u00bb#000000&#8243; body_font_size=\u00bb19px\u00bb body_letter_spacing=\u00bb1px\u00bb background_image=\u00bbhttps:\/\/tecnoam.es\/wp-content\/uploads\/2021\/09\/luro__01__01__012.jpg\u00bb background_enable_image=\u00bbon\u00bb custom_button=\u00bbon\u00bb button_text_color=\u00bb#000000&#8243; button_bg_color=\u00bb#f9a600&#8243; button_border_radius=\u00bb25px\u00bb button_font=\u00bb|800|||||||\u00bb button_use_icon=\u00bboff\u00bb width=\u00bb90%\u00bb custom_padding=\u00bb0px||||false|false\u00bb global_colors_info=\u00bb{}\u00bb sticky_transition=\u00bbon\u00bb]<\/p>\n<p>Somos especialistas en instalaci\u00f3n de sistemas de energ\u00eda solar fotovoltaica. Desde parques fotovoltaicos de conexi\u00f3n a red, a instalaciones de autoconsumo residencial e industrial y soluciones aisladas de la red el\u00e9ctrica.<\/p>\n<p>[\/et_pb_slide][et_pb_slide heading=\u00bbInstalaciones fotovoltaicas aisladas de la red el\u00e9ctrica (off-grid).\u00bb button_text=\u00bbM\u00e1s informaci\u00f3n\u00bb button_link=\u00bbhttps:\/\/tecnoam.es\/?page_id=644&#8243; use_bg_overlay=\u00bboff\u00bb use_text_overlay=\u00bbon\u00bb text_overlay_color=\u00bbrgba(255,255,255,0.61)\u00bb _builder_version=\u00bb4.24.0&#8243; _module_preset=\u00bbdefault\u00bb header_font=\u00bb|800|||||||\u00bb header_text_color=\u00bb#000000&#8243; header_font_size=\u00bb32px\u00bb body_font=\u00bb|300|||||||\u00bb body_text_color=\u00bb#000000&#8243; body_font_size=\u00bb19px\u00bb body_letter_spacing=\u00bb1px\u00bb background_image=\u00bbhttps:\/\/tecnoam.es\/wp-content\/uploads\/2024\/02\/ee4de59a-312e-4016-9d42-3f162ba3937e.jpg\u00bb background_enable_image=\u00bbon\u00bb custom_button=\u00bbon\u00bb button_text_color=\u00bb#000000&#8243; button_bg_color=\u00bb#f9a600&#8243; button_border_radius=\u00bb25px\u00bb button_font=\u00bb|800|||||||\u00bb button_use_icon=\u00bboff\u00bb width=\u00bb90%\u00bb custom_padding=\u00bb0px||||false|false\u00bb global_colors_info=\u00bb{}\u00bb sticky_transition=\u00bbon\u00bb]<\/p>\n<p>Energ\u00eda el\u00e9ctrica donde la red nacional no llega. \u00bfNo tienes posibilidad de conexi\u00f3n a la red el\u00e9ctrica? \u00c9sta es tu soluci\u00f3n.<\/p>\n<p>[\/et_pb_slide][et_pb_slide heading=\u00bbAutoconsumo fotovoltaico optimizado para aprovechar los excedentes\u00bb button_text=\u00bbM\u00e1s informaci\u00f3n\u00bb button_link=\u00bbhttps:\/\/tecnoam.es\/?page_id=644&#8243; use_bg_overlay=\u00bboff\u00bb use_text_overlay=\u00bbon\u00bb text_overlay_color=\u00bbrgba(255,255,255,0.61)\u00bb _builder_version=\u00bb4.24.0&#8243; _module_preset=\u00bbdefault\u00bb header_font=\u00bb|800|||||||\u00bb header_text_color=\u00bb#000000&#8243; header_font_size=\u00bb32px\u00bb body_font=\u00bb|300|||||||\u00bb body_text_color=\u00bb#000000&#8243; body_font_size=\u00bb19px\u00bb body_letter_spacing=\u00bb1px\u00bb background_image=\u00bbhttps:\/\/tecnoam.es\/wp-content\/uploads\/2022\/04\/278807215_395886135876763_2954592904793597411_n.jpg\u00bb background_enable_image=\u00bbon\u00bb custom_button=\u00bbon\u00bb button_text_color=\u00bb#000000&#8243; button_bg_color=\u00bb#f9a600&#8243; button_border_radius=\u00bb25px\u00bb button_font=\u00bb|800|||||||\u00bb button_use_icon=\u00bboff\u00bb width=\u00bb90%\u00bb custom_padding=\u00bb0px||||false|false\u00bb global_colors_info=\u00bb{}\u00bb sticky_transition=\u00bbon\u00bb]<\/p>\n<p>El mejor retorno de inversi\u00f3n lo obtendr\u00e1s con el m\u00e1ximo aprovechamiento de la producci\u00f3n fotovoltaica de tu instalaci\u00f3n.<\/p>\n<p>[\/et_pb_slide][\/et_pb_fullwidth_slider][\/et_pb_section][et_pb_section fb_built=\u00bb1&#8243; _builder_version=\u00bb4.16&#8243; custom_margin=\u00bb||||false|false\u00bb custom_padding=\u00bb0px||0px||false|false\u00bb animation_style=\u00bbzoom\u00bb global_colors_info=\u00bb{}\u00bb][et_pb_row column_structure=\u00bb1_3,1_3,1_3&#8243; _builder_version=\u00bb4.16&#8243; _module_preset=\u00bbdefault\u00bb background_color=\u00bb#f2f2f2&#8243; custom_padding=\u00bb|10px||10px|false|false\u00bb global_colors_info=\u00bb{}\u00bb][et_pb_column type=\u00bb1_3&#8243; _builder_version=\u00bb4.16&#8243; _module_preset=\u00bbdefault\u00bb global_colors_info=\u00bb{}\u00bb][et_pb_blurb title=\u00bbFotovoltaica de venta a red\u00bb url=\u00bbhttps:\/\/tecnoam.es\/fotovoltaica-de-conexion-a-red\/\u00bb image=\u00bbhttps:\/\/tecnoam.es\/wp-content\/uploads\/2024\/01\/solar-energy_4515659.png\u00bb alt=\u00bbEnerg\u00eda solar fotovoltaica\u00bb image_icon_width=\u00bb25%\u00bb _builder_version=\u00bb4.24.0&#8243; _module_preset=\u00bbdefault\u00bb header_font=\u00bb|800|||||||\u00bb header_font_size=\u00bb18px\u00bb body_font=\u00bb|300|||||||\u00bb text_orientation=\u00bbcenter\u00bb global_colors_info=\u00bb{}\u00bb]<\/p>\n<p>Producci\u00f3n fotovoltaica para la venta<\/p>\n<p>[\/et_pb_blurb][\/et_pb_column][et_pb_column type=\u00bb1_3&#8243; _builder_version=\u00bb4.16&#8243; _module_preset=\u00bbdefault\u00bb global_colors_info=\u00bb{}\u00bb][et_pb_blurb title=\u00bbAutoconsumo Fotovoltaico\u00bb url=\u00bbhttps:\/\/tecnoam.es\/autoconsumo-fotovoltaico\/\u00bb image=\u00bbhttps:\/\/tecnoam.es\/wp-content\/uploads\/2024\/01\/power_4515530.png\u00bb alt=\u00bbAutoconsumo on-grid y off-grid\u00bb image_icon_width=\u00bb25%\u00bb _builder_version=\u00bb4.24.0&#8243; _module_preset=\u00bbdefault\u00bb header_font=\u00bb|800|||||||\u00bb header_font_size=\u00bb18px\u00bb body_font=\u00bb|300|||||||\u00bb text_orientation=\u00bbcenter\u00bb global_colors_info=\u00bb{}\u00bb]<\/p>\n<p>Instalaciones on-grid y off-grid<\/p>\n<p>[\/et_pb_blurb][\/et_pb_column][et_pb_column type=\u00bb1_3&#8243; _builder_version=\u00bb4.16&#8243; _module_preset=\u00bbdefault\u00bb global_colors_info=\u00bb{}\u00bb][et_pb_blurb title=\u00bbSistemas de riego solar\u00bb url=\u00bbhttps:\/\/tecnoam.es\/riego-solar\/\u00bb image=\u00bbhttps:\/\/tecnoam.es\/wp-content\/uploads\/2024\/01\/hydro-power_4515500.png\u00bb alt=\u00bbRiego por bombeo solar\u00bb image_icon_width=\u00bb25%\u00bb _builder_version=\u00bb4.24.0&#8243; _module_preset=\u00bbdefault\u00bb header_font=\u00bb|800|||||||\u00bb header_font_size=\u00bb18px\u00bb body_font=\u00bb|300|||||||\u00bb text_orientation=\u00bbcenter\u00bb global_colors_info=\u00bb{}\u00bb]<\/p>\n<p>Fotovoltaica para el sector agrario<\/p>\n<p>[\/et_pb_blurb][\/et_pb_column][\/et_pb_row][et_pb_row column_structure=\u00bb1_3,1_3,1_3&#8243; _builder_version=\u00bb4.16&#8243; _module_preset=\u00bbdefault\u00bb background_color=\u00bb#e5e5e5&#8243; custom_padding=\u00bb|10px||10px|false|false\u00bb global_colors_info=\u00bb{}\u00bb][et_pb_column type=\u00bb1_3&#8243; _builder_version=\u00bb4.16&#8243; _module_preset=\u00bbdefault\u00bb global_colors_info=\u00bb{}\u00bb][et_pb_blurb title=\u00bbInstalaciones el\u00e9ctricas\u00bb url=\u00bbhttps:\/\/tecnoam.es\/instalaciones-electricas\/\u00bb image=\u00bbhttps:\/\/tecnoam.es\/wp-content\/uploads\/2024\/01\/science-tech_4515645.png\u00bb alt=\u00bbInstalaciones el\u00e9ctricas\u00bb image_icon_width=\u00bb25%\u00bb _builder_version=\u00bb4.24.0&#8243; _module_preset=\u00bbdefault\u00bb header_font=\u00bb|800|||||||\u00bb header_font_size=\u00bb18px\u00bb body_font=\u00bb|300|||||||\u00bb text_orientation=\u00bbcenter\u00bb global_colors_info=\u00bb{}\u00bb]<\/p>\n<p>Industriales y residenciales<\/p>\n<p>[\/et_pb_blurb][\/et_pb_column][et_pb_column type=\u00bb1_3&#8243; _builder_version=\u00bb4.16&#8243; _module_preset=\u00bbdefault\u00bb global_colors_info=\u00bb{}\u00bb][et_pb_blurb title=\u00bbMantenimientos\u00bb url=\u00bbhttps:\/\/tecnoam.es\/mantenimientos-fotovoltaicos\/\u00bb image=\u00bbhttps:\/\/tecnoam.es\/wp-content\/uploads\/2024\/01\/electricity_4515459.png\u00bb alt=\u00bbMantenimientos preventivos y correctivos\u00bb image_icon_width=\u00bb25%\u00bb _builder_version=\u00bb4.24.0&#8243; _module_preset=\u00bbdefault\u00bb header_font=\u00bb|800|||||||\u00bb header_font_size=\u00bb18px\u00bb body_font=\u00bb|300|||||||\u00bb text_orientation=\u00bbcenter\u00bb global_colors_info=\u00bb{}\u00bb]<\/p>\n<p>Preventivos o correctivos<\/p>\n<p>[\/et_pb_blurb][\/et_pb_column][et_pb_column type=\u00bb1_3&#8243; _builder_version=\u00bb4.16&#8243; _module_preset=\u00bbdefault\u00bb global_colors_info=\u00bb{}\u00bb][et_pb_blurb title=\u00bbDom\u00f3tica, Inm\u00f3tica e IoT\u00bb url=\u00bbhttps:\/\/tecnoam.es\/riego-solar\/\u00bb image=\u00bbhttps:\/\/tecnoam.es\/wp-content\/uploads\/2024\/01\/water-heater_4515735.png\u00bb alt=\u00bbiot\u00bb image_icon_width=\u00bb25%\u00bb _builder_version=\u00bb4.24.0&#8243; _module_preset=\u00bbdefault\u00bb header_font=\u00bb|800|||||||\u00bb header_font_size=\u00bb18px\u00bb body_font=\u00bb|300|||||||\u00bb text_orientation=\u00bbcenter\u00bb global_colors_info=\u00bb{}\u00bb]<\/p>\n<p>Sistemas inteligentes y conectados<\/p>\n<p>[\/et_pb_blurb][\/et_pb_column][\/et_pb_row][\/et_pb_section][et_pb_section fb_built=\u00bb1&#8243; _builder_version=\u00bb4.24.0&#8243; _module_preset=\u00bbdefault\u00bb custom_padding=\u00bb0px||||false|false\u00bb global_colors_info=\u00bb{}\u00bb][et_pb_row column_structure=\u00bb1_3,1_3,1_3&#8243; _builder_version=\u00bb4.24.0&#8243; _module_preset=\u00bbdefault\u00bb custom_margin=\u00bb||||false|false\u00bb custom_padding=\u00bb0px||0px||false|false\u00bb global_colors_info=\u00bb{}\u00bb][et_pb_column type=\u00bb1_3&#8243; _builder_version=\u00bb4.24.0&#8243; _module_preset=\u00bbdefault\u00bb custom_padding=\u00bb||||false|false\u00bb global_colors_info=\u00bb{}\u00bb][et_pb_text _builder_version=\u00bb4.24.0&#8243; _module_preset=\u00bbdefault\u00bb header_font=\u00bb|800|||||||\u00bb custom_padding=\u00bb25px||||false|false\u00bb global_colors_info=\u00bb{}\u00bb]<\/p>\n<h1 style=\"text-align: center;\">Instalaciones de m\u00e1xima calidad y \u00faltima tecnolog\u00eda.<\/h1>\n<p>[\/et_pb_text][\/et_pb_column][et_pb_column type=\u00bb1_3&#8243; _builder_version=\u00bb4.24.0&#8243; _module_preset=\u00bbdefault\u00bb custom_padding=\u00bb||||false|false\u00bb border_width_right=\u00bb1px\u00bb border_width_bottom=\u00bb1px\u00bb border_width_left=\u00bb1px\u00bb global_colors_info=\u00bb{}\u00bb][et_pb_image src=\u00bbhttps:\/\/tecnoam.es\/wp-content\/uploads\/2022\/04\/hdr.jpg\u00bb title_text=\u00bbcropped-luro__01__01__012.jpg\u00bb _builder_version=\u00bb4.27.4&#8243; _module_preset=\u00bbdefault\u00bb custom_padding=\u00bb||0px||false|false\u00bb hover_enabled=\u00bb0&#8243; global_colors_info=\u00bb{}\u00bb alt=\u00bbque esperar de Tecnoam\u00bb sticky_enabled=\u00bb0&#8243;][\/et_pb_image][\/et_pb_column][et_pb_column type=\u00bb1_3&#8243; _builder_version=\u00bb4.24.0&#8243; _module_preset=\u00bbdefault\u00bb global_colors_info=\u00bb{}\u00bb][et_pb_text _builder_version=\u00bb4.24.0&#8243; _module_preset=\u00bbdefault\u00bb header_font=\u00bb|800|||||||\u00bb custom_padding=\u00bb25px||||false|false\u00bb global_colors_info=\u00bb{}\u00bb]<\/p>\n<h1 style=\"text-align: center;\">Respaldadas por su rendimiento y garant\u00edas.<\/h1>\n<p>[\/et_pb_text][\/et_pb_column][\/et_pb_row][et_pb_row column_structure=\u00bb1_3,1_3,1_3&#8243; _builder_version=\u00bb4.24.0&#8243; _module_preset=\u00bbdefault\u00bb custom_margin=\u00bb0px||0px||false|false\u00bb custom_padding=\u00bb0px||0px||false|false\u00bb global_colors_info=\u00bb{}\u00bb][et_pb_column type=\u00bb1_3&#8243; _builder_version=\u00bb4.24.0&#8243; _module_preset=\u00bbdefault\u00bb border_width_top=\u00bb1px\u00bb border_width_right=\u00bb1px\u00bb border_width_bottom=\u00bb1px\u00bb global_colors_info=\u00bb{}\u00bb][et_pb_image src=\u00bbhttps:\/\/tecnoam.es\/wp-content\/uploads\/2024\/01\/gen24all.png\u00bb alt=\u00bbFronius Primo Gen24 Plus\u00bb title_text=\u00bbgen24all\u00bb align=\u00bbcenter\u00bb _builder_version=\u00bb4.24.0&#8243; _module_preset=\u00bbdefault\u00bb custom_padding=\u00bb10px||5px||false|false\u00bb global_colors_info=\u00bb{}\u00bb][\/et_pb_image][\/et_pb_column][et_pb_column type=\u00bb1_3&#8243; _builder_version=\u00bb4.24.0&#8243; _module_preset=\u00bbdefault\u00bb global_colors_info=\u00bb{}\u00bb][et_pb_text _builder_version=\u00bb4.24.0&#8243; _module_preset=\u00bbdefault\u00bb header_font=\u00bb|800|||||||\u00bb custom_margin=\u00bb35px||35px||false|false\u00bb custom_padding=\u00bb||||false|false\u00bb global_colors_info=\u00bb{}\u00bb]<\/p>\n<h1 style=\"text-align: center;\">Realizadas por profesionales cualificados.<\/h1>\n<p>[\/et_pb_text][\/et_pb_column][et_pb_column type=\u00bb1_3&#8243; _builder_version=\u00bb4.24.0&#8243; _module_preset=\u00bbdefault\u00bb border_width_top=\u00bb1px\u00bb border_width_bottom=\u00bb1px\u00bb border_width_left=\u00bb1px\u00bb global_colors_info=\u00bb{}\u00bb][et_pb_image src=\u00bbhttps:\/\/tecnoam.es\/wp-content\/uploads\/2024\/01\/fischerpinza.png\u00bb title_text=\u00bbfischerpinza\u00bb align=\u00bbcenter\u00bb _builder_version=\u00bb4.24.0&#8243; _module_preset=\u00bbdefault\u00bb custom_padding=\u00bb10px||5px||false|false\u00bb global_colors_info=\u00bb{}\u00bb][\/et_pb_image][\/et_pb_column][\/et_pb_row][et_pb_row column_structure=\u00bb1_3,1_3,1_3&#8243; _builder_version=\u00bb4.24.0&#8243; _module_preset=\u00bbdefault\u00bb custom_margin=\u00bb0px||0px||false|false\u00bb custom_padding=\u00bb0px||0px||false|false\u00bb global_colors_info=\u00bb{}\u00bb][et_pb_column type=\u00bb1_3&#8243; _builder_version=\u00bb4.24.0&#8243; _module_preset=\u00bbdefault\u00bb custom_padding=\u00bb0px|0px|0px|0px|false|false\u00bb global_colors_info=\u00bb{}\u00bb][et_pb_text _builder_version=\u00bb4.24.0&#8243; _module_preset=\u00bbdefault\u00bb header_font=\u00bb|800|||||||\u00bb custom_padding=\u00bb25px||||false|false\u00bb global_colors_info=\u00bb{}\u00bb]<\/p>\n<h1 style=\"text-align: center;\">Partners de los fabricantes que lideran el sector.<\/h1>\n<p>[\/et_pb_text][\/et_pb_column][et_pb_column type=\u00bb1_3&#8243; _builder_version=\u00bb4.24.0&#8243; _module_preset=\u00bbdefault\u00bb custom_padding=\u00bb0px|0px|0px|0px|false|false\u00bb border_width_all=\u00bb1px\u00bb global_colors_info=\u00bb{}\u00bb][et_pb_image src=\u00bbhttps:\/\/tecnoam.es\/wp-content\/uploads\/2024\/01\/cegasaebick280a-1.png\u00bb title_text=\u00bbcegasaebick280a\u00bb _builder_version=\u00bb4.24.0&#8243; _module_preset=\u00bbdefault\u00bb custom_padding=\u00bb||||false|false\u00bb global_colors_info=\u00bb{}\u00bb][\/et_pb_image][\/et_pb_column][et_pb_column type=\u00bb1_3&#8243; _builder_version=\u00bb4.24.0&#8243; _module_preset=\u00bbdefault\u00bb global_colors_info=\u00bb{}\u00bb][et_pb_text _builder_version=\u00bb4.24.0&#8243; _module_preset=\u00bbdefault\u00bb header_font=\u00bb|800|||||||\u00bb custom_padding=\u00bb25px||||false|false\u00bb global_colors_info=\u00bb{}\u00bb]<\/p>\n<h1 style=\"text-align: center;\">+30 a\u00f1os en el sector, con clientes que nos acompa\u00f1an desde el inicio.<\/h1>\n<p>[\/et_pb_text][\/et_pb_column][\/et_pb_row][et_pb_row column_structure=\u00bb1_3,1_3,1_3&#8243; _builder_version=\u00bb4.24.0&#8243; _module_preset=\u00bbdefault\u00bb custom_margin=\u00bb0px||0px||false|false\u00bb custom_padding=\u00bb0px||0px||false|false\u00bb global_colors_info=\u00bb{}\u00bb][et_pb_column type=\u00bb1_3&#8243; _builder_version=\u00bb4.24.0&#8243; _module_preset=\u00bbdefault\u00bb border_width_top=\u00bb1px\u00bb border_width_right=\u00bb1px\u00bb border_width_bottom=\u00bb1px\u00bb global_colors_info=\u00bb{}\u00bb][et_pb_image src=\u00bbhttps:\/\/tecnoam.es\/wp-content\/uploads\/2024\/01\/1631785341_upload_documents_1550_1000-SmartSolar-MPPT-100-50-top-1.png\u00bb title_text=\u00bb1631785341_upload_documents_1550_1000-SmartSolar MPPT 100-50 (top)\u00bb align=\u00bbcenter\u00bb _builder_version=\u00bb4.24.0&#8243; _module_preset=\u00bbdefault\u00bb global_colors_info=\u00bb{}\u00bb][\/et_pb_image][\/et_pb_column][et_pb_column type=\u00bb1_3&#8243; _builder_version=\u00bb4.24.0&#8243; _module_preset=\u00bbdefault\u00bb global_colors_info=\u00bb{}\u00bb][et_pb_text _builder_version=\u00bb4.24.0&#8243; _module_preset=\u00bbdefault\u00bb header_font=\u00bb|800|||||||\u00bb header_line_height=\u00bb0.6em\u00bb custom_margin=\u00bb35px||15px||false|false\u00bb custom_padding=\u00bb||0px||false|false\u00bb global_colors_info=\u00bb{}\u00bb]<\/p>\n<h1 style=\"text-align: center;\">Somos<\/h1>\n<p>[\/et_pb_text][et_pb_image src=\u00bbhttps:\/\/tecnoam.es\/wp-content\/uploads\/2021\/10\/tecnoam_positivo_limpio.png\u00bb title_text=\u00bbtecnoam_positivo_limpio\u00bb align=\u00bbcenter\u00bb _builder_version=\u00bb4.24.0&#8243; _module_preset=\u00bbdefault\u00bb height=\u00bb50px\u00bb custom_margin=\u00bb||||false|false\u00bb custom_padding=\u00bb0px||||false|false\u00bb global_colors_info=\u00bb{}\u00bb][\/et_pb_image][\/et_pb_column][et_pb_column type=\u00bb1_3&#8243; _builder_version=\u00bb4.24.0&#8243; _module_preset=\u00bbdefault\u00bb border_width_top=\u00bb1px\u00bb border_width_bottom=\u00bb1px\u00bb border_width_left=\u00bb1px\u00bb global_colors_info=\u00bb{}\u00bb][et_pb_image src=\u00bbhttps:\/\/tecnoam.es\/wp-content\/uploads\/2024\/01\/wattpilot2a.png\u00bb title_text=\u00bbwattpilot2a\u00bb _builder_version=\u00bb4.24.0&#8243; _module_preset=\u00bbdefault\u00bb global_colors_info=\u00bb{}\u00bb][\/et_pb_image][\/et_pb_column][\/et_pb_row][\/et_pb_section]<\/p>\n","protected":false},"excerpt":{"rendered":"<p>Somos especialistas en instalaci\u00f3n de sistemas de energ\u00eda solar fotovoltaica. Desde parques fotovoltaicos de conexi\u00f3n a red, a instalaciones de autoconsumo residencial e industrial y soluciones aisladas de la red el\u00e9ctrica.Energ\u00eda el\u00e9ctrica donde la red nacional no llega. \u00bfNo tienes posibilidad de conexi\u00f3n a la red el\u00e9ctrica? \u00c9sta es tu soluci\u00f3n.El mejor retorno de inversi\u00f3n [&hellip;]<\/p>\n","protected":false},"author":1,"featured_media":0,"parent":0,"menu_order":0,"comment_status":"closed","ping_status":"closed","template":"","meta":{"_et_pb_use_builder":"on","_et_pb_old_content":"","_et_gb_content_width":"","footnotes":""},"class_list":["post-2","page","type-page","status-publish","hentry"],"yoast_head":"<!-- This site is optimized with the Yoast SEO plugin v24.0 - https:\/\/yoast.com\/wordpress\/plugins\/seo\/ -->\n<title>Instalaci\u00f3n y mantenimiento de energ\u00eda solar fotovoltaica<\/title>\n<meta name=\"description\" content=\"Especialistas en instalaci\u00f3n y mantenimiento de energ\u00eda solar fotovoltaica. Conexi\u00f3n a red, aislada, autoconsumo, riego por bombeo solar.\" \/>\n<meta name=\"robots\" content=\"index, follow, max-snippet:-1, max-image-preview:large, max-video-preview:-1\" \/>\n<link rel=\"canonical\" href=\"https:\/\/tecnoam.es\/\" \/>\n<meta property=\"og:locale\" content=\"es_ES\" \/>\n<meta property=\"og:type\" content=\"article\" \/>\n<meta property=\"og:title\" content=\"Instalaci\u00f3n y mantenimiento de energ\u00eda solar fotovoltaica\" \/>\n<meta property=\"og:description\" content=\"Especialistas en instalaci\u00f3n y mantenimiento de energ\u00eda solar fotovoltaica. Conexi\u00f3n a red, aislada, autoconsumo, riego por bombeo solar.\" \/>\n<meta property=\"og:url\" content=\"https:\/\/tecnoam.es\/\" \/>\n<meta property=\"og:site_name\" content=\"Tecnoam\" \/>\n<meta property=\"article:publisher\" content=\"https:\/\/www.facebook.com\/tecnoamsl\" \/>\n<meta property=\"article:modified_time\" content=\"2025-01-27T16:42:17+00:00\" \/>\n<meta name=\"twitter:card\" content=\"summary_large_image\" \/>\n<meta name=\"twitter:site\" content=\"@tecnoamsl\" \/>\n<meta name=\"twitter:label1\" content=\"Tiempo de lectura\" \/>\n\t<meta name=\"twitter:data1\" content=\"9 minutos\" \/>\n<script type=\"application\/ld+json\" class=\"yoast-schema-graph\">{\"@context\":\"https:\/\/schema.org\",\"@graph\":[{\"@type\":\"WebPage\",\"@id\":\"https:\/\/tecnoam.es\/\",\"url\":\"https:\/\/tecnoam.es\/\",\"name\":\"Instalaci\u00f3n y mantenimiento de energ\u00eda solar fotovoltaica\",\"isPartOf\":{\"@id\":\"https:\/\/tecnoam.es\/#website\"},\"datePublished\":\"2016-06-21T10:49:02+00:00\",\"dateModified\":\"2025-01-27T16:42:17+00:00\",\"description\":\"Especialistas en instalaci\u00f3n y mantenimiento de energ\u00eda solar fotovoltaica. Conexi\u00f3n a red, aislada, autoconsumo, riego por bombeo solar.\",\"breadcrumb\":{\"@id\":\"https:\/\/tecnoam.es\/#breadcrumb\"},\"inLanguage\":\"es\",\"potentialAction\":[{\"@type\":\"ReadAction\",\"target\":[\"https:\/\/tecnoam.es\/\"]}]},{\"@type\":\"BreadcrumbList\",\"@id\":\"https:\/\/tecnoam.es\/#breadcrumb\",\"itemListElement\":[{\"@type\":\"ListItem\",\"position\":1,\"name\":\"Portada\",\"item\":\"https:\/\/tecnoam.es\/\"},{\"@type\":\"ListItem\",\"position\":2,\"name\":\"Home\"}]},{\"@type\":\"WebSite\",\"@id\":\"https:\/\/tecnoam.es\/#website\",\"url\":\"https:\/\/tecnoam.es\/\",\"name\":\"Tecnoam\",\"description\":\"Instalaci\u00f3n y mantenimiento de energ\u00eda solar fotovoltaica\",\"publisher\":{\"@id\":\"https:\/\/tecnoam.es\/#organization\"},\"potentialAction\":[{\"@type\":\"SearchAction\",\"target\":{\"@type\":\"EntryPoint\",\"urlTemplate\":\"https:\/\/tecnoam.es\/?s={search_term_string}\"},\"query-input\":{\"@type\":\"PropertyValueSpecification\",\"valueRequired\":true,\"valueName\":\"search_term_string\"}}],\"inLanguage\":\"es\"},{\"@type\":\"Organization\",\"@id\":\"https:\/\/tecnoam.es\/#organization\",\"name\":\"Tecnoam\",\"url\":\"https:\/\/tecnoam.es\/\",\"logo\":{\"@type\":\"ImageObject\",\"inLanguage\":\"es\",\"@id\":\"https:\/\/tecnoam.es\/#\/schema\/logo\/image\/\",\"url\":\"\",\"contentUrl\":\"\",\"caption\":\"Tecnoam\"},\"image\":{\"@id\":\"https:\/\/tecnoam.es\/#\/schema\/logo\/image\/\"},\"sameAs\":[\"https:\/\/www.facebook.com\/tecnoamsl\",\"https:\/\/x.com\/tecnoamsl\",\"https:\/\/www.linkedin.com\/company\/tecnoam\"]}]}<\/script>\n<!-- \/ Yoast SEO plugin. -->","yoast_head_json":{"title":"Instalaci\u00f3n y mantenimiento de energ\u00eda solar fotovoltaica","description":"Especialistas en instalaci\u00f3n y mantenimiento de energ\u00eda solar fotovoltaica. Conexi\u00f3n a red, aislada, autoconsumo, riego por bombeo solar.","robots":{"index":"index","follow":"follow","max-snippet":"max-snippet:-1","max-image-preview":"max-image-preview:large","max-video-preview":"max-video-preview:-1"},"canonical":"https:\/\/tecnoam.es\/","og_locale":"es_ES","og_type":"article","og_title":"Instalaci\u00f3n y mantenimiento de energ\u00eda solar fotovoltaica","og_description":"Especialistas en instalaci\u00f3n y mantenimiento de energ\u00eda solar fotovoltaica. Conexi\u00f3n a red, aislada, autoconsumo, riego por bombeo solar.","og_url":"https:\/\/tecnoam.es\/","og_site_name":"Tecnoam","article_publisher":"https:\/\/www.facebook.com\/tecnoamsl","article_modified_time":"2025-01-27T16:42:17+00:00","twitter_card":"summary_large_image","twitter_site":"@tecnoamsl","twitter_misc":{"Tiempo de lectura":"9 minutos"},"schema":{"@context":"https:\/\/schema.org","@graph":[{"@type":"WebPage","@id":"https:\/\/tecnoam.es\/","url":"https:\/\/tecnoam.es\/","name":"Instalaci\u00f3n y mantenimiento de energ\u00eda solar fotovoltaica","isPartOf":{"@id":"https:\/\/tecnoam.es\/#website"},"datePublished":"2016-06-21T10:49:02+00:00","dateModified":"2025-01-27T16:42:17+00:00","description":"Especialistas en instalaci\u00f3n y mantenimiento de energ\u00eda solar fotovoltaica. Conexi\u00f3n a red, aislada, autoconsumo, riego por bombeo solar.","breadcrumb":{"@id":"https:\/\/tecnoam.es\/#breadcrumb"},"inLanguage":"es","potentialAction":[{"@type":"ReadAction","target":["https:\/\/tecnoam.es\/"]}]},{"@type":"BreadcrumbList","@id":"https:\/\/tecnoam.es\/#breadcrumb","itemListElement":[{"@type":"ListItem","position":1,"name":"Portada","item":"https:\/\/tecnoam.es\/"},{"@type":"ListItem","position":2,"name":"Home"}]},{"@type":"WebSite","@id":"https:\/\/tecnoam.es\/#website","url":"https:\/\/tecnoam.es\/","name":"Tecnoam","description":"Instalaci\u00f3n y mantenimiento de energ\u00eda solar fotovoltaica","publisher":{"@id":"https:\/\/tecnoam.es\/#organization"},"potentialAction":[{"@type":"SearchAction","target":{"@type":"EntryPoint","urlTemplate":"https:\/\/tecnoam.es\/?s={search_term_string}"},"query-input":{"@type":"PropertyValueSpecification","valueRequired":true,"valueName":"search_term_string"}}],"inLanguage":"es"},{"@type":"Organization","@id":"https:\/\/tecnoam.es\/#organization","name":"Tecnoam","url":"https:\/\/tecnoam.es\/","logo":{"@type":"ImageObject","inLanguage":"es","@id":"https:\/\/tecnoam.es\/#\/schema\/logo\/image\/","url":"","contentUrl":"","caption":"Tecnoam"},"image":{"@id":"https:\/\/tecnoam.es\/#\/schema\/logo\/image\/"},"sameAs":["https:\/\/www.facebook.com\/tecnoamsl","https:\/\/x.com\/tecnoamsl","https:\/\/www.linkedin.com\/company\/tecnoam"]}]}},"jetpack_sharing_enabled":true,"_links":{"self":[{"href":"https:\/\/tecnoam.es\/index.php?rest_route=\/wp\/v2\/pages\/2","targetHints":{"allow":["GET"]}}],"collection":[{"href":"https:\/\/tecnoam.es\/index.php?rest_route=\/wp\/v2\/pages"}],"about":[{"href":"https:\/\/tecnoam.es\/index.php?rest_route=\/wp\/v2\/types\/page"}],"author":[{"embeddable":true,"href":"https:\/\/tecnoam.es\/index.php?rest_route=\/wp\/v2\/users\/1"}],"replies":[{"embeddable":true,"href":"https:\/\/tecnoam.es\/index.php?rest_route=%2Fwp%2Fv2%2Fcomments&post=2"}],"version-history":[{"count":216,"href":"https:\/\/tecnoam.es\/index.php?rest_route=\/wp\/v2\/pages\/2\/revisions"}],"predecessor-version":[{"id":5089,"href":"https:\/\/tecnoam.es\/index.php?rest_route=\/wp\/v2\/pages\/2\/revisions\/5089"}],"wp:attachment":[{"href":"https:\/\/tecnoam.es\/index.php?rest_route=%2Fwp%2Fv2%2Fmedia&parent=2"}],"curies":[{"name":"wp","href":"https:\/\/api.w.org\/{rel}","templated":true}]}}