{"id":189,"date":"2016-06-21T14:15:11","date_gmt":"2016-06-21T14:15:11","guid":{"rendered":"http:\/\/localhost\/tecnoam\/?page_id=189"},"modified":"2021-03-01T16:17:32","modified_gmt":"2021-03-01T16:17:32","slug":"riego-solar","status":"publish","type":"page","link":"https:\/\/tecnoam.es\/?page_id=189","title":{"rendered":"Sistemas de riego por bombeo solar"},"content":{"rendered":"<p>[et_pb_section fb_built=\u00bb1&#8243; admin_label=\u00bbsection\u00bb _builder_version=\u00bb4.5.6&#8243; background_image=\u00bbhttps:\/\/tecnoam.es\/wp-content\/uploads\/2016\/06\/riegosolar-pie.jpg\u00bb][et_pb_row column_structure=\u00bb1_2,1_2&#8243; _builder_version=\u00bb4.5.6&#8243; _module_preset=\u00bbdefault\u00bb][et_pb_column type=\u00bb1_2&#8243; _builder_version=\u00bb4.5.6&#8243; _module_preset=\u00bbdefault\u00bb][\/et_pb_column][et_pb_column type=\u00bb1_2&#8243; _builder_version=\u00bb4.5.6&#8243; _module_preset=\u00bbdefault\u00bb][et_pb_text _builder_version=\u00bb4.5.6&#8243; _module_preset=\u00bbdefault\u00bb text_text_color=\u00bb#ffffff\u00bb text_font_size=\u00bb20px\u00bb header_font=\u00bb|800|||||||\u00bb header_text_color=\u00bb#ffffff\u00bb]<\/p>\n<h1>Agricultura sostenible<\/h1>\n<p>M\u00e1ximo ahorro con el m\u00e1ximo respeto al medio ambiente.[\/et_pb_text][\/et_pb_column][\/et_pb_row][\/et_pb_section][et_pb_section fb_built=\u00bb1&#8243; admin_label=\u00bbsection\u00bb _builder_version=\u00bb3.22&#8243;][et_pb_row column_structure=\u00bb1_2,1_2&#8243; _builder_version=\u00bb4.5.6&#8243; _module_preset=\u00bbdefault\u00bb][et_pb_column type=\u00bb1_2&#8243; _builder_version=\u00bb4.5.6&#8243; _module_preset=\u00bbdefault\u00bb][et_pb_text _builder_version=\u00bb4.5.6&#8243; _module_preset=\u00bbdefault\u00bb text_font_size=\u00bb18px\u00bb header_font=\u00bb|800|||||||\u00bb header_font_size=\u00bb36px\u00bb]<\/p>\n<h1>Riego por bombeo solar<\/h1>\n<p>Las\u00a0soluciones de riego por bombeo solar<span>\u00a0<\/span>son una opci\u00f3n alternativa muy atractiva al bombeo alimentado por gas\u00f3leo, ya que favorecen una agricultura sostenible y un importante ahorro econ\u00f3mico.<\/p>\n<p>Dada la escalada de precios del gas\u00f3leo y la repercusi\u00f3n que estos costes tienen en su producci\u00f3n, hacen que esta alternativa se convierta en la soluci\u00f3n m\u00e1s econ\u00f3mica.<\/p>\n<p><strong>Ofrecemos soluciones con diferentes tama\u00f1os y alturas verticales para su uso con grandes masas de agua en proyectos de regad\u00edo a gran escala.<\/strong><\/p>\n<p>[\/et_pb_text][\/et_pb_column][et_pb_column type=\u00bb1_2&#8243; _builder_version=\u00bb4.5.6&#8243; _module_preset=\u00bbdefault\u00bb][et_pb_image src=\u00bbhttps:\/\/tecnoam.es\/wp-content\/uploads\/2020\/08\/riegosolar.jpg\u00bb alt=\u00bbbombeo solar\u00bb title_text=\u00bbriegosolar\u00bb _builder_version=\u00bb4.9.0&#8243; _module_preset=\u00bbdefault\u00bb hover_enabled=\u00bb0&#8243; sticky_enabled=\u00bb0&#8243;][\/et_pb_image][\/et_pb_column][\/et_pb_row][\/et_pb_section]<\/p>\n","protected":false},"excerpt":{"rendered":"<p>Agricultura sostenible M\u00e1ximo ahorro con el m\u00e1ximo respeto al medio ambiente.Riego por bombeo solar Las\u00a0soluciones de riego por bombeo solar\u00a0son una opci\u00f3n alternativa muy atractiva al bombeo alimentado por gas\u00f3leo, ya que favorecen una agricultura sostenible y un importante ahorro econ\u00f3mico. Dada la escalada de precios del gas\u00f3leo y la repercusi\u00f3n que estos costes tienen [&hellip;]<\/p>\n","protected":false},"author":1,"featured_media":0,"parent":0,"menu_order":0,"comment_status":"closed","ping_status":"closed","template":"","meta":{"_et_pb_use_builder":"on","_et_pb_old_content":"","_et_gb_content_width":"","footnotes":""},"class_list":["post-189","page","type-page","status-publish","hentry"],"yoast_head":"<!-- This site is optimized with the Yoast SEO plugin v24.0 - https:\/\/yoast.com\/wordpress\/plugins\/seo\/ -->\n<title>Riego por bombeo alimentado por energ\u00eda solar fotovoltaica - Tecnoam<\/title>\n<meta name=\"description\" content=\"Instalaci\u00f3n de sistemas de riego por bombeo solar. Energ\u00eda fotovoltaica para ejercer una agricultura sostenible y obtener un importante ahorro econ\u00f3mico.\" \/>\n<meta name=\"robots\" content=\"index, follow, max-snippet:-1, max-image-preview:large, max-video-preview:-1\" \/>\n<link rel=\"canonical\" href=\"https:\/\/tecnoam.es\/?page_id=189\" \/>\n<meta property=\"og:locale\" content=\"es_ES\" \/>\n<meta property=\"og:type\" content=\"article\" \/>\n<meta property=\"og:title\" content=\"Riego por bombeo alimentado por energ\u00eda solar fotovoltaica - Tecnoam\" \/>\n<meta property=\"og:description\" content=\"Instalaci\u00f3n de sistemas de riego por bombeo solar. Energ\u00eda fotovoltaica para ejercer una agricultura sostenible y obtener un importante ahorro econ\u00f3mico.\" \/>\n<meta property=\"og:url\" content=\"https:\/\/tecnoam.es\/?page_id=189\" \/>\n<meta property=\"og:site_name\" content=\"Tecnoam\" \/>\n<meta property=\"article:publisher\" content=\"https:\/\/www.facebook.com\/tecnoamsl\" \/>\n<meta property=\"article:modified_time\" content=\"2021-03-01T16:17:32+00:00\" \/>\n<meta name=\"twitter:card\" content=\"summary_large_image\" \/>\n<meta name=\"twitter:site\" content=\"@tecnoamsl\" \/>\n<meta name=\"twitter:label1\" content=\"Tiempo de lectura\" \/>\n\t<meta name=\"twitter:data1\" content=\"1 minuto\" \/>\n<script type=\"application\/ld+json\" class=\"yoast-schema-graph\">{\"@context\":\"https:\/\/schema.org\",\"@graph\":[{\"@type\":\"WebPage\",\"@id\":\"https:\/\/tecnoam.es\/?page_id=189\",\"url\":\"https:\/\/tecnoam.es\/?page_id=189\",\"name\":\"Riego por bombeo alimentado por energ\u00eda solar fotovoltaica - Tecnoam\",\"isPartOf\":{\"@id\":\"https:\/\/tecnoam.es\/#website\"},\"datePublished\":\"2016-06-21T14:15:11+00:00\",\"dateModified\":\"2021-03-01T16:17:32+00:00\",\"description\":\"Instalaci\u00f3n de sistemas de riego por bombeo solar. Energ\u00eda fotovoltaica para ejercer una agricultura sostenible y obtener un importante ahorro econ\u00f3mico.\",\"breadcrumb\":{\"@id\":\"https:\/\/tecnoam.es\/?page_id=189#breadcrumb\"},\"inLanguage\":\"es\",\"potentialAction\":[{\"@type\":\"ReadAction\",\"target\":[\"https:\/\/tecnoam.es\/?page_id=189\"]}]},{\"@type\":\"BreadcrumbList\",\"@id\":\"https:\/\/tecnoam.es\/?page_id=189#breadcrumb\",\"itemListElement\":[{\"@type\":\"ListItem\",\"position\":1,\"name\":\"Portada\",\"item\":\"https:\/\/tecnoam.es\/\"},{\"@type\":\"ListItem\",\"position\":2,\"name\":\"Sistemas de riego por bombeo solar\"}]},{\"@type\":\"WebSite\",\"@id\":\"https:\/\/tecnoam.es\/#website\",\"url\":\"https:\/\/tecnoam.es\/\",\"name\":\"Tecnoam\",\"description\":\"Instalaci\u00f3n y mantenimiento de energ\u00eda solar fotovoltaica\",\"publisher\":{\"@id\":\"https:\/\/tecnoam.es\/#organization\"},\"potentialAction\":[{\"@type\":\"SearchAction\",\"target\":{\"@type\":\"EntryPoint\",\"urlTemplate\":\"https:\/\/tecnoam.es\/?s={search_term_string}\"},\"query-input\":{\"@type\":\"PropertyValueSpecification\",\"valueRequired\":true,\"valueName\":\"search_term_string\"}}],\"inLanguage\":\"es\"},{\"@type\":\"Organization\",\"@id\":\"https:\/\/tecnoam.es\/#organization\",\"name\":\"Tecnoam\",\"url\":\"https:\/\/tecnoam.es\/\",\"logo\":{\"@type\":\"ImageObject\",\"inLanguage\":\"es\",\"@id\":\"https:\/\/tecnoam.es\/#\/schema\/logo\/image\/\",\"url\":\"\",\"contentUrl\":\"\",\"caption\":\"Tecnoam\"},\"image\":{\"@id\":\"https:\/\/tecnoam.es\/#\/schema\/logo\/image\/\"},\"sameAs\":[\"https:\/\/www.facebook.com\/tecnoamsl\",\"https:\/\/x.com\/tecnoamsl\",\"https:\/\/www.linkedin.com\/company\/tecnoam\"]}]}<\/script>\n<!-- \/ Yoast SEO plugin. -->","yoast_head_json":{"title":"Riego por bombeo alimentado por energ\u00eda solar fotovoltaica - Tecnoam","description":"Instalaci\u00f3n de sistemas de riego por bombeo solar. Energ\u00eda fotovoltaica para ejercer una agricultura sostenible y obtener un importante ahorro econ\u00f3mico.","robots":{"index":"index","follow":"follow","max-snippet":"max-snippet:-1","max-image-preview":"max-image-preview:large","max-video-preview":"max-video-preview:-1"},"canonical":"https:\/\/tecnoam.es\/?page_id=189","og_locale":"es_ES","og_type":"article","og_title":"Riego por bombeo alimentado por energ\u00eda solar fotovoltaica - Tecnoam","og_description":"Instalaci\u00f3n de sistemas de riego por bombeo solar. Energ\u00eda fotovoltaica para ejercer una agricultura sostenible y obtener un importante ahorro econ\u00f3mico.","og_url":"https:\/\/tecnoam.es\/?page_id=189","og_site_name":"Tecnoam","article_publisher":"https:\/\/www.facebook.com\/tecnoamsl","article_modified_time":"2021-03-01T16:17:32+00:00","twitter_card":"summary_large_image","twitter_site":"@tecnoamsl","twitter_misc":{"Tiempo de lectura":"1 minuto"},"schema":{"@context":"https:\/\/schema.org","@graph":[{"@type":"WebPage","@id":"https:\/\/tecnoam.es\/?page_id=189","url":"https:\/\/tecnoam.es\/?page_id=189","name":"Riego por bombeo alimentado por energ\u00eda solar fotovoltaica - Tecnoam","isPartOf":{"@id":"https:\/\/tecnoam.es\/#website"},"datePublished":"2016-06-21T14:15:11+00:00","dateModified":"2021-03-01T16:17:32+00:00","description":"Instalaci\u00f3n de sistemas de riego por bombeo solar. Energ\u00eda fotovoltaica para ejercer una agricultura sostenible y obtener un importante ahorro econ\u00f3mico.","breadcrumb":{"@id":"https:\/\/tecnoam.es\/?page_id=189#breadcrumb"},"inLanguage":"es","potentialAction":[{"@type":"ReadAction","target":["https:\/\/tecnoam.es\/?page_id=189"]}]},{"@type":"BreadcrumbList","@id":"https:\/\/tecnoam.es\/?page_id=189#breadcrumb","itemListElement":[{"@type":"ListItem","position":1,"name":"Portada","item":"https:\/\/tecnoam.es\/"},{"@type":"ListItem","position":2,"name":"Sistemas de riego por bombeo solar"}]},{"@type":"WebSite","@id":"https:\/\/tecnoam.es\/#website","url":"https:\/\/tecnoam.es\/","name":"Tecnoam","description":"Instalaci\u00f3n y mantenimiento de energ\u00eda solar fotovoltaica","publisher":{"@id":"https:\/\/tecnoam.es\/#organization"},"potentialAction":[{"@type":"SearchAction","target":{"@type":"EntryPoint","urlTemplate":"https:\/\/tecnoam.es\/?s={search_term_string}"},"query-input":{"@type":"PropertyValueSpecification","valueRequired":true,"valueName":"search_term_string"}}],"inLanguage":"es"},{"@type":"Organization","@id":"https:\/\/tecnoam.es\/#organization","name":"Tecnoam","url":"https:\/\/tecnoam.es\/","logo":{"@type":"ImageObject","inLanguage":"es","@id":"https:\/\/tecnoam.es\/#\/schema\/logo\/image\/","url":"","contentUrl":"","caption":"Tecnoam"},"image":{"@id":"https:\/\/tecnoam.es\/#\/schema\/logo\/image\/"},"sameAs":["https:\/\/www.facebook.com\/tecnoamsl","https:\/\/x.com\/tecnoamsl","https:\/\/www.linkedin.com\/company\/tecnoam"]}]}},"jetpack_sharing_enabled":true,"_links":{"self":[{"href":"https:\/\/tecnoam.es\/index.php?rest_route=\/wp\/v2\/pages\/189","targetHints":{"allow":["GET"]}}],"collection":[{"href":"https:\/\/tecnoam.es\/index.php?rest_route=\/wp\/v2\/pages"}],"about":[{"href":"https:\/\/tecnoam.es\/index.php?rest_route=\/wp\/v2\/types\/page"}],"author":[{"embeddable":true,"href":"https:\/\/tecnoam.es\/index.php?rest_route=\/wp\/v2\/users\/1"}],"replies":[{"embeddable":true,"href":"https:\/\/tecnoam.es\/index.php?rest_route=%2Fwp%2Fv2%2Fcomments&post=189"}],"version-history":[{"count":3,"href":"https:\/\/tecnoam.es\/index.php?rest_route=\/wp\/v2\/pages\/189\/revisions"}],"predecessor-version":[{"id":3282,"href":"https:\/\/tecnoam.es\/index.php?rest_route=\/wp\/v2\/pages\/189\/revisions\/3282"}],"wp:attachment":[{"href":"https:\/\/tecnoam.es\/index.php?rest_route=%2Fwp%2Fv2%2Fmedia&parent=189"}],"curies":[{"name":"wp","href":"https:\/\/api.w.org\/{rel}","templated":true}]}}