{"id":1873,"date":"2020-08-13T07:25:45","date_gmt":"2020-08-13T07:25:45","guid":{"rendered":"https:\/\/tecnoam.es\/?page_id=1873"},"modified":"2021-02-16T17:12:19","modified_gmt":"2021-02-16T17:12:19","slug":"autoconsumo-fotovoltaico","status":"publish","type":"page","link":"https:\/\/tecnoam.es\/?page_id=1873","title":{"rendered":"Autoconsumo fotovoltaico"},"content":{"rendered":"<p>[et_pb_section fb_built=\u00bb1&#8243; admin_label=\u00bbsection\u00bb _builder_version=\u00bb4.5.6&#8243; background_image=\u00bbhttps:\/\/tecnoam.es\/wp-content\/uploads\/2016\/07\/torre-altamira.jpg\u00bb custom_margin=\u00bb||||false|false\u00bb custom_padding=\u00bb||||false|false\u00bb][et_pb_row column_structure=\u00bb1_2,1_2&#8243; _builder_version=\u00bb4.5.6&#8243; background_size=\u00bbinitial\u00bb background_position=\u00bbtop_left\u00bb background_repeat=\u00bbrepeat\u00bb][et_pb_column type=\u00bb1_2&#8243; _builder_version=\u00bb3.25&#8243; custom_padding=\u00bb|||\u00bb custom_padding__hover=\u00bb|||\u00bb][\/et_pb_column][et_pb_column type=\u00bb1_2&#8243; _builder_version=\u00bb3.25&#8243; custom_padding=\u00bb|||\u00bb custom_padding__hover=\u00bb|||\u00bb][et_pb_text _builder_version=\u00bb4.5.6&#8243; text_font=\u00bb|300|||||||\u00bb text_text_color=\u00bb#ffffff\u00bb text_font_size=\u00bb20px\u00bb header_text_color=\u00bb#ffffff\u00bb header_font_size=\u00bb36px\u00bb header_2_font=\u00bb|800|||||||\u00bb header_2_text_color=\u00bb#ffffff\u00bb header_2_font_size=\u00bb36px\u00bb background_color=\u00bbrgba(0,0,0,0.39)\u00bb background_size=\u00bbinitial\u00bb background_position=\u00bbtop_left\u00bb background_repeat=\u00bbrepeat\u00bb custom_margin=\u00bb||||false|false\u00bb custom_padding=\u00bb20px|20px|20px|20px|false|false\u00bb border_style=\u00bbsolid\u00bb]<\/p>\n<h2 style=\"text-align: left;\">Autoconsumo fotovoltaico<\/h2>\n<p style=\"text-align: left;\"><span>Disponemos de las mejores para cada necesidad en instalaciones de autoconsumo fotovoltaico.<\/span><\/p>\n<p>[\/et_pb_text][\/et_pb_column][\/et_pb_row][\/et_pb_section][et_pb_section fb_built=\u00bb1&#8243; fullwidth=\u00bbon\u00bb _builder_version=\u00bb4.5.6&#8243; _module_preset=\u00bbdefault\u00bb][et_pb_fullwidth_header title=\u00bbProduce y consume tu propia energ\u00eda solar\u00bb subhead=\u00bbM\u00faltiples sistemas disponibles para cada caso: con exportaci\u00f3n de excedentes, aprovechamiento de excedentes, o inyecci\u00f3n cero |con microinversores o inversores de string | autoconsumo directo o almacenamiento (bater\u00edas).\u00bb _builder_version=\u00bb4.5.6&#8243; _module_preset=\u00bbdefault\u00bb title_font=\u00bb|800|||||||\u00bb title_font_size=\u00bb40px\u00bb content_font_size=\u00bb19px\u00bb subhead_font_size=\u00bb19px\u00bb background_color=\u00bb#d6d6d6&#8243; background_layout=\u00bblight\u00bb][\/et_pb_fullwidth_header][\/et_pb_section][et_pb_section fb_built=\u00bb1&#8243; _builder_version=\u00bb4.5.6&#8243; _module_preset=\u00bbdefault\u00bb custom_margin=\u00bb||||false|false\u00bb][et_pb_row column_structure=\u00bb2_3,1_3&#8243; _builder_version=\u00bb4.5.6&#8243; _module_preset=\u00bbdefault\u00bb][et_pb_column type=\u00bb2_3&#8243; _builder_version=\u00bb4.5.6&#8243; _module_preset=\u00bbdefault\u00bb][et_pb_image src=\u00bbhttps:\/\/tecnoam.es\/wp-content\/uploads\/2020\/08\/inyeccion_cero.jpg\u00bb alt=\u00bbinyecci\u00f3n cero tecnoam\u00bb title_text=\u00bbinyecci\u00f3n cero tecnoam\u00bb _builder_version=\u00bb4.5.6&#8243; _module_preset=\u00bbdefault\u00bb custom_margin=\u00bb||||false|false\u00bb custom_padding=\u00bb24px||||false|false\u00bb][\/et_pb_image][\/et_pb_column][et_pb_column type=\u00bb1_3&#8243; _builder_version=\u00bb4.5.6&#8243; _module_preset=\u00bbdefault\u00bb][et_pb_text _builder_version=\u00bb4.5.6&#8243; _module_preset=\u00bbdefault\u00bb text_font_size=\u00bb18px\u00bb header_font=\u00bb|800|||||||\u00bb header_font_size=\u00bb36px\u00bb header_5_font=\u00bb|800|||||||\u00bb header_5_font_size=\u00bb22px\u00bb custom_padding=\u00bb2px|||||\u00bb]<\/p>\n<h1>Inyecci\u00f3n cero<\/h1>\n<p>La imagen muestra, el ejemplo real de una instalaci\u00f3n solar fotovoltaica con inyecci\u00f3n cero (sistema de anti-vertido a la red).\u00a0<span style=\"font-size: 18px;\">Adem\u00e1s esta instalaci\u00f3n es de autoconsumo directo (sin bater\u00edas).<\/span><\/p>\n<p>El sistema anti-vertido, modula la energ\u00eda generada, para adecuarse a los consumos, sin llegar a inyectar excedentes a la red.<\/p>\n<p>Sin el sistema antivertido, se obtendr\u00eda la energ\u00eda total que el sistema es capaz de generar, produciendo excedentes.<\/p>\n<p><strong>El 12\/08\/2020 de 12.74kWh consumidos, 8.02kWh (62.95%) fueron de energ\u00eda solar y 4.72kWh del suministro de la red.<\/strong><\/p>\n<p>&nbsp;<\/p>\n<p>[\/et_pb_text][\/et_pb_column][\/et_pb_row][et_pb_row column_structure=\u00bb1_3,2_3&#8243; _builder_version=\u00bb4.5.6&#8243; _module_preset=\u00bbdefault\u00bb][et_pb_column type=\u00bb1_3&#8243; _builder_version=\u00bb4.5.6&#8243; _module_preset=\u00bbdefault\u00bb][et_pb_text _builder_version=\u00bb4.5.6&#8243; _module_preset=\u00bbdefault\u00bb text_font_size=\u00bb18px\u00bb header_font=\u00bb|800|||||||\u00bb header_font_size=\u00bb36px\u00bb header_5_font=\u00bb|800|||||||\u00bb header_5_font_size=\u00bb22px\u00bb custom_padding=\u00bb2px|||||\u00bb]<\/p>\n<h1>Exportar excedente<\/h1>\n<p>S<span>i no usas toda la energ\u00eda que produces, y exportas energ\u00eda a la red, podr\u00e1s\u00a0<\/span>recibir una compensaci\u00f3n econ\u00f3mica<span>.<\/span><\/p>\n<p><span>El 1 de Abril de 2020 entr\u00f3 en vigor la compensaci\u00f3n simplificada con unos precios de la energ\u00eda excedentaria de entre 0,04 y 0,05\u20ac el kWh, si bien, hay comercializadoras que llegan a ofrecernos 0,07\u20ac por kWh exportado.<\/span><\/p>\n<p>Nuestros asesores energ\u00e9ticos pueden ayudarle a valorar las diferentes opciones existentes en el mercado.<\/p>\n<p><span><\/span><\/p>\n<p><span><\/span>[\/et_pb_text][\/et_pb_column][et_pb_column type=\u00bb2_3&#8243; _builder_version=\u00bb4.5.6&#8243; _module_preset=\u00bbdefault\u00bb][et_pb_image src=\u00bbhttps:\/\/tecnoam.es\/wp-content\/uploads\/2020\/08\/excedentes_exportar.jpg\u00bb alt=\u00bbexportar excedentes\u00bb title_text=\u00bbexportar excedentes\u00bb _builder_version=\u00bb4.5.6&#8243; _module_preset=\u00bbdefault\u00bb][\/et_pb_image][\/et_pb_column][\/et_pb_row][et_pb_row column_structure=\u00bb1_2,1_2&#8243; _builder_version=\u00bb4.5.6&#8243; _module_preset=\u00bbdefault\u00bb][et_pb_column type=\u00bb1_2&#8243; _builder_version=\u00bb4.5.6&#8243; _module_preset=\u00bbdefault\u00bb][et_pb_image src=\u00bbhttps:\/\/tecnoam.es\/wp-content\/uploads\/2020\/08\/ohmpilot_aprovechar_excedente.jpg\u00bb alt=\u00bbohmpilot aprovechar excedente\u00bb title_text=\u00bbohmpilot aprovechar excedente\u00bb _builder_version=\u00bb4.5.6&#8243; _module_preset=\u00bbdefault\u00bb][\/et_pb_image][\/et_pb_column][et_pb_column type=\u00bb1_2&#8243; _builder_version=\u00bb4.5.6&#8243; _module_preset=\u00bbdefault\u00bb][et_pb_text _builder_version=\u00bb4.5.6&#8243; _module_preset=\u00bbdefault\u00bb text_font_size=\u00bb18px\u00bb header_font=\u00bb|800|||||||\u00bb header_font_size=\u00bb36px\u00bb header_5_font=\u00bb|800|||||||\u00bb header_5_font_size=\u00bb22px\u00bb custom_padding=\u00bb2px|||||\u00bb]<\/p>\n<h1>Aprovechar el excedente<\/h1>\n<p>Existen varias f\u00f3rmulas para intentar aprovechar al m\u00e1ximo la energ\u00eda que producimos, y as\u00ed, evitar inyectar a la red; e incluso podemos aprovechar el excedente energ\u00e9tico de forma din\u00e1mica, destinando ese excedente a la alimentaci\u00f3n de cargas resistivas: calderas, tanques de almacenamiento intermedio, calefacci\u00f3n por infrarrojos, radiadores de toallas&#8230;<\/p>\n<p>De esta forma, antes de producirse un vertido de energ\u00eda a la red, la energ\u00eda se destinar\u00e1 a las cargas descritas anteriormente.<\/p>\n<p>[\/et_pb_text][\/et_pb_column][\/et_pb_row][et_pb_row column_structure=\u00bb1_2,1_2&#8243; _builder_version=\u00bb4.5.6&#8243; _module_preset=\u00bbdefault\u00bb][et_pb_column type=\u00bb1_2&#8243; _builder_version=\u00bb4.5.6&#8243; _module_preset=\u00bbdefault\u00bb][et_pb_text _builder_version=\u00bb4.5.6&#8243; _module_preset=\u00bbdefault\u00bb text_font_size=\u00bb18px\u00bb header_font=\u00bb|800|||||||\u00bb header_font_size=\u00bb36px\u00bb header_5_font=\u00bb|800|||||||\u00bb header_5_font_size=\u00bb22px\u00bb custom_padding=\u00bb2px|||||\u00bb]<\/p>\n<h1>Microinversores o inversores de string<\/h1>\n<p>Las necesidades de cada cliente, as\u00ed como las caracter\u00edsticas de la vivienda y el entorno de la instalaci\u00f3n, determinan que opci\u00f3n es m\u00e1s recomendable, sin bien cualquiera es un acierto, cada una aporta sus ventajas.<\/p>\n<p>Si se trata de entornos con posibles sombras, si la ubicaci\u00f3n es climatol\u00f3gicamente m\u00e1s severa, si la idea es tener una instalaci\u00f3n ampliable, la cantidad de m\u00f3dulos a instalar y su distribuci\u00f3n&#8230; y otras caracter\u00edsticas a tener en cuenta, ser\u00e1n las que declinen la balanza en esta elecci\u00f3n.<\/p>\n<p>Cabe destacar, que los inversores Enphase, actualmente vienen dotados de 25 a\u00f1os de garant\u00eda. Lo que transmite la fiabilidad de estos dispositivos.<\/p>\n<p>[\/et_pb_text][\/et_pb_column][et_pb_column type=\u00bb1_2&#8243; _builder_version=\u00bb4.5.6&#8243; _module_preset=\u00bbdefault\u00bb][et_pb_image src=\u00bbhttps:\/\/tecnoam.es\/wp-content\/uploads\/2020\/08\/microinversores_enphase_iq7x.jpg\u00bb alt=\u00bbmicroinversores enphase iq7x\u00bb title_text=\u00bbmicroinversores enphase iq7x\u00bb _builder_version=\u00bb4.5.6&#8243; _module_preset=\u00bbdefault\u00bb][\/et_pb_image][\/et_pb_column][\/et_pb_row][et_pb_row column_structure=\u00bb1_2,1_2&#8243; _builder_version=\u00bb4.5.6&#8243; _module_preset=\u00bbdefault\u00bb][et_pb_column type=\u00bb1_2&#8243; _builder_version=\u00bb4.5.6&#8243; _module_preset=\u00bbdefault\u00bb][et_pb_image src=\u00bbhttps:\/\/tecnoam.es\/wp-content\/uploads\/2020\/08\/bateria_enphase.jpg\u00bb alt=\u00bbbater\u00eda enphase\u00bb title_text=\u00bbbateria enphase\u00bb _builder_version=\u00bb4.5.6&#8243; _module_preset=\u00bbdefault\u00bb][\/et_pb_image][\/et_pb_column][et_pb_column type=\u00bb1_2&#8243; _builder_version=\u00bb4.5.6&#8243; _module_preset=\u00bbdefault\u00bb][et_pb_text _builder_version=\u00bb4.5.6&#8243; _module_preset=\u00bbdefault\u00bb text_font_size=\u00bb18px\u00bb header_font=\u00bb|800|||||||\u00bb header_font_size=\u00bb36px\u00bb header_5_font=\u00bb|800|||||||\u00bb header_5_font_size=\u00bb22px\u00bb custom_padding=\u00bb2px|||||\u00bb]<\/p>\n<h1>Autoconsumo directo o con almacenamiento<\/h1>\n<p>El autoconsumo directo, la opci\u00f3n m\u00e1s simple. Consiste en beneficiarse del rendimiento generado por la instalaci\u00f3n solar fotovoltaica, en las horas de sol. En la mayor\u00eda de los casos, esto ya supone un ahorro econ\u00f3mico considerable, a lo que si sumamos, adaptar algunos h\u00e1bitos de consumo a las horas de producci\u00f3n, supondr\u00e1 una mayor cuota de autoconsumo.<br \/>\nSi adem\u00e1s quieres que la energ\u00eda que consumes fuera de horario solar, siga siendo energ\u00eda verde, puedes optar por la instalaci\u00f3n bater\u00edas, tanto si quieres instalar inversor de string, como microinversores enphase.[\/et_pb_text][\/et_pb_column][\/et_pb_row][et_pb_row column_structure=\u00bb1_2,1_2&#8243; _builder_version=\u00bb4.5.6&#8243; _module_preset=\u00bbdefault\u00bb][et_pb_column type=\u00bb1_2&#8243; _builder_version=\u00bb4.5.6&#8243; _module_preset=\u00bbdefault\u00bb][et_pb_text _builder_version=\u00bb4.5.6&#8243; _module_preset=\u00bbdefault\u00bb text_font_size=\u00bb18px\u00bb header_font=\u00bb|800|||||||\u00bb header_font_size=\u00bb36px\u00bb header_5_font=\u00bb|800|||||||\u00bb header_5_font_size=\u00bb22px\u00bb custom_padding=\u00bb2px|||||\u00bb]<\/p>\n<h1>Autoconsumo fotovoltaico aislado<\/h1>\n<p>Si no dispones de un punto de conexi\u00f3n a la red el\u00e9ctrica, o simplemente no quieres estar conectado a ella, \u00e9sta es tu soluci\u00f3n.<\/p>\n<p><span style=\"font-size: 18px;\">Las diferencia con el autoconsumo con almacenamiento; la desconexi\u00f3n de la red el\u00e9ctrica nacional<\/span><span style=\"font-size: 18px;\">, y el dimensionamiento de la instalaci\u00f3n (ya que en este caso, m\u00e1s que un mero ahorro, debe cubrir el total de las necesidades cotidianas).\u00a0<\/span><\/p>\n<p><span style=\"font-size: 18px;\">Adem\u00e1s, en los sistemas aislados, pueden integrarse grupos generadores como apoyo autom\u00e1tico auxiliar, para los casos puntuales en los que la demanda energ\u00e9tica pueda exceder la energ\u00eda disponible.<\/span><\/p>\n<p>Realizamos tanto instalaciones aisladas residenciales, como industriales.<span style=\"font-size: 18px;\"><\/span><\/p>\n<p>&nbsp;<\/p>\n<p>[\/et_pb_text][\/et_pb_column][et_pb_column type=\u00bb1_2&#8243; _builder_version=\u00bb4.5.6&#8243; _module_preset=\u00bbdefault\u00bb][et_pb_image src=\u00bbhttps:\/\/tecnoam.es\/wp-content\/uploads\/2021\/02\/litiocegasa.jpg\u00bb alt=\u00bblitio cegasa ebick\u00bb title_text=\u00bblitio cegasa ebick\u00bb _builder_version=\u00bb4.9.0&#8243; _module_preset=\u00bbdefault\u00bb hover_enabled=\u00bb0&#8243; sticky_enabled=\u00bb0&#8243; custom_margin=\u00bb50px||||false|false\u00bb][\/et_pb_image][\/et_pb_column][\/et_pb_row][\/et_pb_section]<\/p>\n","protected":false},"excerpt":{"rendered":"<p>Autoconsumo fotovoltaico Disponemos de las mejores para cada necesidad en instalaciones de autoconsumo fotovoltaico.Inyecci\u00f3n cero La imagen muestra, el ejemplo real de una instalaci\u00f3n solar fotovoltaica con inyecci\u00f3n cero (sistema de anti-vertido a la red).\u00a0Adem\u00e1s esta instalaci\u00f3n es de autoconsumo directo (sin bater\u00edas). El sistema anti-vertido, modula la energ\u00eda generada, para adecuarse a los consumos, [&hellip;]<\/p>\n","protected":false},"author":1,"featured_media":0,"parent":0,"menu_order":0,"comment_status":"closed","ping_status":"closed","template":"","meta":{"_et_pb_use_builder":"on","_et_pb_old_content":"","_et_gb_content_width":"","footnotes":""},"class_list":["post-1873","page","type-page","status-publish","hentry"],"yoast_head":"<!-- This site is optimized with the Yoast SEO plugin v24.0 - https:\/\/yoast.com\/wordpress\/plugins\/seo\/ -->\n<title>Autoconsumo fotovoltaico con excentes o con inyeccion cero - Tecnoam<\/title>\n<meta name=\"description\" content=\"Realizamos instalaciones fotovoltaicas para el autoconsumo con excedentes o con sistemas de antivertido o inyecci\u00f3n cero.\" \/>\n<meta name=\"robots\" content=\"index, follow, max-snippet:-1, max-image-preview:large, max-video-preview:-1\" \/>\n<link rel=\"canonical\" href=\"https:\/\/tecnoam.es\/?page_id=1873\" \/>\n<meta property=\"og:locale\" content=\"es_ES\" \/>\n<meta property=\"og:type\" content=\"article\" \/>\n<meta property=\"og:title\" content=\"Autoconsumo fotovoltaico con excentes o con inyeccion cero - Tecnoam\" \/>\n<meta property=\"og:description\" content=\"Realizamos instalaciones fotovoltaicas para el autoconsumo con excedentes o con sistemas de antivertido o inyecci\u00f3n cero.\" \/>\n<meta property=\"og:url\" content=\"https:\/\/tecnoam.es\/?page_id=1873\" \/>\n<meta property=\"og:site_name\" content=\"Tecnoam\" \/>\n<meta property=\"article:publisher\" content=\"https:\/\/www.facebook.com\/tecnoamsl\" \/>\n<meta property=\"article:modified_time\" content=\"2021-02-16T17:12:19+00:00\" \/>\n<meta name=\"twitter:card\" content=\"summary_large_image\" \/>\n<meta name=\"twitter:site\" content=\"@tecnoamsl\" \/>\n<meta name=\"twitter:label1\" content=\"Tiempo de lectura\" \/>\n\t<meta name=\"twitter:data1\" content=\"7 minutos\" \/>\n<script type=\"application\/ld+json\" class=\"yoast-schema-graph\">{\"@context\":\"https:\/\/schema.org\",\"@graph\":[{\"@type\":\"WebPage\",\"@id\":\"https:\/\/tecnoam.es\/?page_id=1873\",\"url\":\"https:\/\/tecnoam.es\/?page_id=1873\",\"name\":\"Autoconsumo fotovoltaico con excentes o con inyeccion cero - Tecnoam\",\"isPartOf\":{\"@id\":\"https:\/\/tecnoam.es\/#website\"},\"datePublished\":\"2020-08-13T07:25:45+00:00\",\"dateModified\":\"2021-02-16T17:12:19+00:00\",\"description\":\"Realizamos instalaciones fotovoltaicas para el autoconsumo con excedentes o con sistemas de antivertido o inyecci\u00f3n cero.\",\"breadcrumb\":{\"@id\":\"https:\/\/tecnoam.es\/?page_id=1873#breadcrumb\"},\"inLanguage\":\"es\",\"potentialAction\":[{\"@type\":\"ReadAction\",\"target\":[\"https:\/\/tecnoam.es\/?page_id=1873\"]}]},{\"@type\":\"BreadcrumbList\",\"@id\":\"https:\/\/tecnoam.es\/?page_id=1873#breadcrumb\",\"itemListElement\":[{\"@type\":\"ListItem\",\"position\":1,\"name\":\"Portada\",\"item\":\"https:\/\/tecnoam.es\/\"},{\"@type\":\"ListItem\",\"position\":2,\"name\":\"Autoconsumo fotovoltaico\"}]},{\"@type\":\"WebSite\",\"@id\":\"https:\/\/tecnoam.es\/#website\",\"url\":\"https:\/\/tecnoam.es\/\",\"name\":\"Tecnoam\",\"description\":\"Instalaci\u00f3n y mantenimiento de energ\u00eda solar fotovoltaica\",\"publisher\":{\"@id\":\"https:\/\/tecnoam.es\/#organization\"},\"potentialAction\":[{\"@type\":\"SearchAction\",\"target\":{\"@type\":\"EntryPoint\",\"urlTemplate\":\"https:\/\/tecnoam.es\/?s={search_term_string}\"},\"query-input\":{\"@type\":\"PropertyValueSpecification\",\"valueRequired\":true,\"valueName\":\"search_term_string\"}}],\"inLanguage\":\"es\"},{\"@type\":\"Organization\",\"@id\":\"https:\/\/tecnoam.es\/#organization\",\"name\":\"Tecnoam\",\"url\":\"https:\/\/tecnoam.es\/\",\"logo\":{\"@type\":\"ImageObject\",\"inLanguage\":\"es\",\"@id\":\"https:\/\/tecnoam.es\/#\/schema\/logo\/image\/\",\"url\":\"\",\"contentUrl\":\"\",\"caption\":\"Tecnoam\"},\"image\":{\"@id\":\"https:\/\/tecnoam.es\/#\/schema\/logo\/image\/\"},\"sameAs\":[\"https:\/\/www.facebook.com\/tecnoamsl\",\"https:\/\/x.com\/tecnoamsl\",\"https:\/\/www.linkedin.com\/company\/tecnoam\"]}]}<\/script>\n<!-- \/ Yoast SEO plugin. -->","yoast_head_json":{"title":"Autoconsumo fotovoltaico con excentes o con inyeccion cero - Tecnoam","description":"Realizamos instalaciones fotovoltaicas para el autoconsumo con excedentes o con sistemas de antivertido o inyecci\u00f3n cero.","robots":{"index":"index","follow":"follow","max-snippet":"max-snippet:-1","max-image-preview":"max-image-preview:large","max-video-preview":"max-video-preview:-1"},"canonical":"https:\/\/tecnoam.es\/?page_id=1873","og_locale":"es_ES","og_type":"article","og_title":"Autoconsumo fotovoltaico con excentes o con inyeccion cero - Tecnoam","og_description":"Realizamos instalaciones fotovoltaicas para el autoconsumo con excedentes o con sistemas de antivertido o inyecci\u00f3n cero.","og_url":"https:\/\/tecnoam.es\/?page_id=1873","og_site_name":"Tecnoam","article_publisher":"https:\/\/www.facebook.com\/tecnoamsl","article_modified_time":"2021-02-16T17:12:19+00:00","twitter_card":"summary_large_image","twitter_site":"@tecnoamsl","twitter_misc":{"Tiempo de lectura":"7 minutos"},"schema":{"@context":"https:\/\/schema.org","@graph":[{"@type":"WebPage","@id":"https:\/\/tecnoam.es\/?page_id=1873","url":"https:\/\/tecnoam.es\/?page_id=1873","name":"Autoconsumo fotovoltaico con excentes o con inyeccion cero - Tecnoam","isPartOf":{"@id":"https:\/\/tecnoam.es\/#website"},"datePublished":"2020-08-13T07:25:45+00:00","dateModified":"2021-02-16T17:12:19+00:00","description":"Realizamos instalaciones fotovoltaicas para el autoconsumo con excedentes o con sistemas de antivertido o inyecci\u00f3n cero.","breadcrumb":{"@id":"https:\/\/tecnoam.es\/?page_id=1873#breadcrumb"},"inLanguage":"es","potentialAction":[{"@type":"ReadAction","target":["https:\/\/tecnoam.es\/?page_id=1873"]}]},{"@type":"BreadcrumbList","@id":"https:\/\/tecnoam.es\/?page_id=1873#breadcrumb","itemListElement":[{"@type":"ListItem","position":1,"name":"Portada","item":"https:\/\/tecnoam.es\/"},{"@type":"ListItem","position":2,"name":"Autoconsumo fotovoltaico"}]},{"@type":"WebSite","@id":"https:\/\/tecnoam.es\/#website","url":"https:\/\/tecnoam.es\/","name":"Tecnoam","description":"Instalaci\u00f3n y mantenimiento de energ\u00eda solar fotovoltaica","publisher":{"@id":"https:\/\/tecnoam.es\/#organization"},"potentialAction":[{"@type":"SearchAction","target":{"@type":"EntryPoint","urlTemplate":"https:\/\/tecnoam.es\/?s={search_term_string}"},"query-input":{"@type":"PropertyValueSpecification","valueRequired":true,"valueName":"search_term_string"}}],"inLanguage":"es"},{"@type":"Organization","@id":"https:\/\/tecnoam.es\/#organization","name":"Tecnoam","url":"https:\/\/tecnoam.es\/","logo":{"@type":"ImageObject","inLanguage":"es","@id":"https:\/\/tecnoam.es\/#\/schema\/logo\/image\/","url":"","contentUrl":"","caption":"Tecnoam"},"image":{"@id":"https:\/\/tecnoam.es\/#\/schema\/logo\/image\/"},"sameAs":["https:\/\/www.facebook.com\/tecnoamsl","https:\/\/x.com\/tecnoamsl","https:\/\/www.linkedin.com\/company\/tecnoam"]}]}},"jetpack_sharing_enabled":true,"_links":{"self":[{"href":"https:\/\/tecnoam.es\/index.php?rest_route=\/wp\/v2\/pages\/1873","targetHints":{"allow":["GET"]}}],"collection":[{"href":"https:\/\/tecnoam.es\/index.php?rest_route=\/wp\/v2\/pages"}],"about":[{"href":"https:\/\/tecnoam.es\/index.php?rest_route=\/wp\/v2\/types\/page"}],"author":[{"embeddable":true,"href":"https:\/\/tecnoam.es\/index.php?rest_route=\/wp\/v2\/users\/1"}],"replies":[{"embeddable":true,"href":"https:\/\/tecnoam.es\/index.php?rest_route=%2Fwp%2Fv2%2Fcomments&post=1873"}],"version-history":[{"count":3,"href":"https:\/\/tecnoam.es\/index.php?rest_route=\/wp\/v2\/pages\/1873\/revisions"}],"predecessor-version":[{"id":2967,"href":"https:\/\/tecnoam.es\/index.php?rest_route=\/wp\/v2\/pages\/1873\/revisions\/2967"}],"wp:attachment":[{"href":"https:\/\/tecnoam.es\/index.php?rest_route=%2Fwp%2Fv2%2Fmedia&parent=1873"}],"curies":[{"name":"wp","href":"https:\/\/api.w.org\/{rel}","templated":true}]}}