{"id":1811,"date":"2020-08-12T09:37:45","date_gmt":"2020-08-12T09:37:45","guid":{"rendered":"https:\/\/tecnoam.es\/?page_id=1811"},"modified":"2022-02-04T15:04:18","modified_gmt":"2022-02-04T15:04:18","slug":"microinversores-enphase","status":"publish","type":"page","link":"https:\/\/tecnoam.es\/?page_id=1811","title":{"rendered":"Microinversores"},"content":{"rendered":"<p>[et_pb_section fb_built=\u00bb1&#8243; admin_label=\u00bbsection\u00bb _builder_version=\u00bb4.5.6&#8243; background_image=\u00bbhttps:\/\/tecnoam.es\/wp-content\/uploads\/2020\/08\/enphase.jpg\u00bb custom_margin=\u00bb||||false|false\u00bb custom_padding=\u00bb||||false|false\u00bb global_colors_info=\u00bb{}\u00bb][et_pb_row column_structure=\u00bb1_2,1_2&#8243; _builder_version=\u00bb3.25&#8243; background_size=\u00bbinitial\u00bb background_position=\u00bbtop_left\u00bb background_repeat=\u00bbrepeat\u00bb global_colors_info=\u00bb{}\u00bb][et_pb_column type=\u00bb1_2&#8243; _builder_version=\u00bb3.25&#8243; custom_padding=\u00bb|||\u00bb global_colors_info=\u00bb{}\u00bb custom_padding__hover=\u00bb|||\u00bb][et_pb_text _builder_version=\u00bb4.5.6&#8243; text_font=\u00bb||||||||\u00bb text_text_color=\u00bb#ffffff\u00bb text_font_size=\u00bb20px\u00bb header_text_color=\u00bb#ffffff\u00bb header_font_size=\u00bb40px\u00bb header_2_font=\u00bb|800|||||||\u00bb header_2_text_color=\u00bb#ffffff\u00bb header_2_font_size=\u00bb40px\u00bb background_enable_color=\u00bboff\u00bb background_size=\u00bbinitial\u00bb background_position=\u00bbtop_left\u00bb background_repeat=\u00bbrepeat\u00bb custom_margin=\u00bb||||false|false\u00bb custom_padding=\u00bb20px|20px|20px|20px|false|false\u00bb border_style=\u00bbsolid\u00bb global_colors_info=\u00bb{}\u00bb]<\/p>\n<h2 style=\"text-align: right;\">Microinversores Enphase<\/h2>\n<p style=\"text-align: right;\"><span>Los microinversores de Enphase ofrecen la tecnolog\u00eda m\u00e1s avanzada de inversor en el mercado, lo que se traduce en una mayor producci\u00f3n, mayor fiabilidad y una inteligencia del sistema inigualable.<\/span><\/p>\n<p>[\/et_pb_text][\/et_pb_column][et_pb_column type=\u00bb1_2&#8243; _builder_version=\u00bb3.25&#8243; custom_padding=\u00bb|||\u00bb global_colors_info=\u00bb{}\u00bb custom_padding__hover=\u00bb|||\u00bb][\/et_pb_column][\/et_pb_row][\/et_pb_section][et_pb_section fb_built=\u00bb1&#8243; fullwidth=\u00bbon\u00bb _builder_version=\u00bb4.5.6&#8243; _module_preset=\u00bbdefault\u00bb global_colors_info=\u00bb{}\u00bb][et_pb_fullwidth_header title=\u00bbSatisface tus necesidades ahora y en el futuro\u00bb subhead=\u00bbEl sistema de Enphase es flexible, lo cual permite dise\u00f1ar un sistema que se ajuste a tus necesidades de energ\u00eda y presupuesto actuales y expandirlo en el futuro a medida que tus necesidades aumentan. \u00bfDeseas agregar m\u00e1s paneles o una bater\u00eda solar? Eso no supone ning\u00fan problema con el sistema de microinversores de Enphase.\u00bb _builder_version=\u00bb4.5.6&#8243; _module_preset=\u00bbdefault\u00bb title_font=\u00bb|800|||||||\u00bb title_font_size=\u00bb40px\u00bb content_font_size=\u00bb19px\u00bb subhead_font_size=\u00bb19px\u00bb background_color=\u00bb#d6d6d6&#8243; background_layout=\u00bblight\u00bb global_colors_info=\u00bb{}\u00bb][\/et_pb_fullwidth_header][\/et_pb_section][et_pb_section fb_built=\u00bb1&#8243; _builder_version=\u00bb4.5.6&#8243; _module_preset=\u00bbdefault\u00bb global_colors_info=\u00bb{}\u00bb][et_pb_row _builder_version=\u00bb4.5.6&#8243; _module_preset=\u00bbdefault\u00bb global_colors_info=\u00bb{}\u00bb][et_pb_column type=\u00bb4_4&#8243; _builder_version=\u00bb4.5.6&#8243; _module_preset=\u00bbdefault\u00bb global_colors_info=\u00bb{}\u00bb][et_pb_image src=\u00bbhttps:\/\/tecnoam.es\/wp-content\/uploads\/2020\/08\/escalabilidad_enphase-scaled.jpg\u00bb title_text=\u00bbescalabilidad_enphase\u00bb _builder_version=\u00bb4.5.6&#8243; _module_preset=\u00bbdefault\u00bb global_colors_info=\u00bb{}\u00bb][\/et_pb_image][\/et_pb_column][\/et_pb_row][\/et_pb_section][et_pb_section fb_built=\u00bb1&#8243; _builder_version=\u00bb4.5.6&#8243; _module_preset=\u00bbdefault\u00bb custom_margin=\u00bb-70px||||false|false\u00bb global_colors_info=\u00bb{}\u00bb][et_pb_row _builder_version=\u00bb4.5.6&#8243; _module_preset=\u00bbdefault\u00bb global_colors_info=\u00bb{}\u00bb][et_pb_column type=\u00bb4_4&#8243; _builder_version=\u00bb4.5.6&#8243; _module_preset=\u00bbdefault\u00bb global_colors_info=\u00bb{}\u00bb][et_pb_text _builder_version=\u00bb4.5.6&#8243; _module_preset=\u00bbdefault\u00bb header_font=\u00bb|800|||||||\u00bb header_font_size=\u00bb50px\u00bb global_colors_info=\u00bb{}\u00bb]<\/p>\n<h1 style=\"text-align: center;\">\u00bfC\u00f3mo funciona?<\/h1>\n<p>[\/et_pb_text][\/et_pb_column][\/et_pb_row][et_pb_row column_structure=\u00bb1_3,1_3,1_3&#8243; _builder_version=\u00bb4.5.6&#8243; _module_preset=\u00bbdefault\u00bb global_colors_info=\u00bb{}\u00bb][et_pb_column type=\u00bb1_3&#8243; _builder_version=\u00bb4.5.6&#8243; _module_preset=\u00bbdefault\u00bb global_colors_info=\u00bb{}\u00bb][et_pb_text _builder_version=\u00bb4.5.6&#8243; _module_preset=\u00bbdefault\u00bb header_font_size=\u00bb24px\u00bb header_2_font=\u00bb|800|||||||\u00bb header_2_font_size=\u00bb30px\u00bb custom_margin=\u00bb||||false|false\u00bb global_colors_info=\u00bb{}\u00bb]<\/p>\n<h2 style=\"text-align: center;\">Microinversores<\/h2>\n<p>[\/et_pb_text][et_pb_image src=\u00bbhttps:\/\/tecnoam.es\/wp-content\/uploads\/2020\/08\/micro1.jpg\u00bb alt=\u00bbmicroinversores funcionamiento 1&#8243; title_text=\u00bbmicroinversores funcionamiento 1&#8243; _builder_version=\u00bb4.5.6&#8243; _module_preset=\u00bbdefault\u00bb global_colors_info=\u00bb{}\u00bb][\/et_pb_image][et_pb_text _builder_version=\u00bb4.5.6&#8243; _module_preset=\u00bbdefault\u00bb text_font_size=\u00bb17px\u00bb custom_margin=\u00bb||||false|false\u00bb global_colors_info=\u00bb{}\u00bb]<span>Los paneles solares de tu tejado absorben la luz solar y la transforman en corriente continua (CC). Debajo de cada panel, un microinversor convierte esa energ\u00eda de CC a corriente alterna (CA) la forma de electricidad que puedes utilizar en tu hogar.<\/span>[\/et_pb_text][\/et_pb_column][et_pb_column type=\u00bb1_3&#8243; _builder_version=\u00bb4.5.6&#8243; _module_preset=\u00bbdefault\u00bb global_colors_info=\u00bb{}\u00bb][et_pb_text _builder_version=\u00bb4.5.6&#8243; _module_preset=\u00bbdefault\u00bb header_font_size=\u00bb24px\u00bb header_2_font=\u00bb|800|||||||\u00bb header_2_font_size=\u00bb30px\u00bb custom_margin=\u00bb||||false|false\u00bb global_colors_info=\u00bb{}\u00bb]<\/p>\n<h2 style=\"text-align: center;\">Envoy<\/h2>\n<p>[\/et_pb_text][et_pb_image src=\u00bbhttps:\/\/tecnoam.es\/wp-content\/uploads\/2020\/08\/envoy2.jpg\u00bb alt=\u00bbenvoy funcionamiento 2&#8243; title_text=\u00bbenvoy funcionamiento 2&#8243; _builder_version=\u00bb4.5.6&#8243; _module_preset=\u00bbdefault\u00bb custom_margin=\u00bb||||false|false\u00bb global_colors_info=\u00bb{}\u00bb][\/et_pb_image][et_pb_text _builder_version=\u00bb4.5.6&#8243; _module_preset=\u00bbdefault\u00bb text_font_size=\u00bb17px\u00bb custom_margin=\u00bb||||false|false\u00bb global_colors_info=\u00bb{}\u00bb]<span>El Envoy es el cerebro del sistema, que recopila datos de tus microinversores y los descarga al software Enlighten. Se comunica en la otra direcci\u00f3n tambi\u00e9n, permitiendo que el instalador identifique cualquier problema de forma remota y entregando actualizaciones a los microinversores.<\/span>[\/et_pb_text][\/et_pb_column][et_pb_column type=\u00bb1_3&#8243; _builder_version=\u00bb4.5.6&#8243; _module_preset=\u00bbdefault\u00bb global_colors_info=\u00bb{}\u00bb][et_pb_text _builder_version=\u00bb4.5.6&#8243; _module_preset=\u00bbdefault\u00bb header_font_size=\u00bb24px\u00bb header_2_font=\u00bb|800|||||||\u00bb header_2_font_size=\u00bb30px\u00bb custom_margin=\u00bb||||false|false\u00bb global_colors_info=\u00bb{}\u00bb]<\/p>\n<h2 style=\"text-align: center;\">MyEnlighten<\/h2>\n<p>[\/et_pb_text][et_pb_image src=\u00bbhttps:\/\/tecnoam.es\/wp-content\/uploads\/2020\/08\/myenlighten3.jpg\u00bb alt=\u00bbmyenglighten funcionamiento 3&#8243; title_text=\u00bbmyenlighten funcionamiento 3&#8243; _builder_version=\u00bb4.5.6&#8243; _module_preset=\u00bbdefault\u00bb custom_margin=\u00bb||||false|false\u00bb global_colors_info=\u00bb{}\u00bb][\/et_pb_image][et_pb_text _builder_version=\u00bb4.5.6&#8243; _module_preset=\u00bbdefault\u00bb text_font_size=\u00bb17px\u00bb custom_margin=\u00bb||||false|false\u00bb global_colors_info=\u00bb{}\u00bb]<span>Convierte los datos de Envoy en una interfaz f\u00e1cil de usar que te permite rastrear la producci\u00f3n del sistema.<\/span><\/p>\n<p>[\/et_pb_text][\/et_pb_column][\/et_pb_row][et_pb_row _builder_version=\u00bb4.5.6&#8243; _module_preset=\u00bbdefault\u00bb global_colors_info=\u00bb{}\u00bb][et_pb_column type=\u00bb4_4&#8243; _builder_version=\u00bb4.5.6&#8243; _module_preset=\u00bbdefault\u00bb global_colors_info=\u00bb{}\u00bb][et_pb_text _builder_version=\u00bb4.5.6&#8243; _module_preset=\u00bbdefault\u00bb header_2_font=\u00bb|800|||||||\u00bb header_2_font_size=\u00bb35px\u00bb custom_margin=\u00bb||-68px||false|false\u00bb global_colors_info=\u00bb{}\u00bb]<\/p>\n<h2>Diferencias de rendimiento frente a una sombra<\/h2>\n<p>[\/et_pb_text][\/et_pb_column][\/et_pb_row][et_pb_row _builder_version=\u00bb4.5.6&#8243; _module_preset=\u00bbdefault\u00bb global_colors_info=\u00bb{}\u00bb][et_pb_column type=\u00bb4_4&#8243; _builder_version=\u00bb4.5.6&#8243; _module_preset=\u00bbdefault\u00bb global_colors_info=\u00bb{}\u00bb][et_pb_image src=\u00bbhttps:\/\/tecnoam.es\/wp-content\/uploads\/2020\/08\/micro_vs_inver.jpg\u00bb alt=\u00bbcomparaci\u00f3n microinversores inversores\u00bb title_text=\u00bbcomparaci\u00f3n microinversores inversores\u00bb _builder_version=\u00bb4.5.6&#8243; _module_preset=\u00bbdefault\u00bb global_colors_info=\u00bb{}\u00bb][\/et_pb_image][\/et_pb_column][\/et_pb_row][et_pb_row column_structure=\u00bb1_2,1_2&#8243; _builder_version=\u00bb4.5.6&#8243; _module_preset=\u00bbdefault\u00bb global_colors_info=\u00bb{}\u00bb][et_pb_column type=\u00bb1_2&#8243; _builder_version=\u00bb4.5.6&#8243; _module_preset=\u00bbdefault\u00bb global_colors_info=\u00bb{}\u00bb][et_pb_text _builder_version=\u00bb4.5.6&#8243; _module_preset=\u00bbdefault\u00bb text_font_size=\u00bb18px\u00bb header_5_font=\u00bb|800|||||||\u00bb header_5_font_size=\u00bb22px\u00bb global_colors_info=\u00bb{}\u00bb]<\/p>\n<h5>Microinversores<\/h5>\n<p>Independientemente de que sea una hoja, suciedad o un d\u00eda nublado, las obstrucciones en los paneles se producen.<\/p>\n<p>En cualquier momento, en cualquier sistema. Con los microinversores, \u00fanicamente el panel concreto que tiene el problema se ve afectado, mientras que los dem\u00e1s se mantienen trabajando al m\u00e1ximo. Al final del d\u00eda, eso se traduce en m\u00e1s energ\u00eda solar generada.<\/p>\n<p>[\/et_pb_text][\/et_pb_column][et_pb_column type=\u00bb1_2&#8243; _builder_version=\u00bb4.5.6&#8243; _module_preset=\u00bbdefault\u00bb global_colors_info=\u00bb{}\u00bb][et_pb_text _builder_version=\u00bb4.5.6&#8243; _module_preset=\u00bbdefault\u00bb text_font_size=\u00bb18px\u00bb header_5_font=\u00bb|800|||||||\u00bb header_5_font_size=\u00bb22px\u00bb custom_padding=\u00bb2px|||||\u00bb global_colors_info=\u00bb{}\u00bb]<\/p>\n<h5>Sistemas string<\/h5>\n<p>Los paneles conectados a un inversor string generan energ\u00eda limitados por el panel de la serie que menos produce en cada momento. De tal forma que si una sombra o una pila de hojas obstaculiza el rendimiento de un panel, todos los dem\u00e1s paneles de la cadena se ver\u00e1n afectados produciendo la misma energ\u00eda reducida. Esto significa que cada peque\u00f1o obst\u00e1culo tiene un gran impacto en tu producci\u00f3n de energ\u00eda, y eso afecta decisivamente en tus ahorros reales.[\/et_pb_text][\/et_pb_column][\/et_pb_row][et_pb_row column_structure=\u00bb1_2,1_2&#8243; _builder_version=\u00bb4.5.6&#8243; _module_preset=\u00bbdefault\u00bb global_colors_info=\u00bb{}\u00bb][et_pb_column type=\u00bb1_2&#8243; _builder_version=\u00bb4.5.6&#8243; _module_preset=\u00bbdefault\u00bb global_colors_info=\u00bb{}\u00bb][et_pb_text _builder_version=\u00bb4.5.6&#8243; _module_preset=\u00bbdefault\u00bb header_font=\u00bb|800|||||||\u00bb header_font_size=\u00bb50px\u00bb global_colors_info=\u00bb{}\u00bb]<\/p>\n<h1 style=\"text-align: center;\">\u00bfCu\u00e1les son las ventajas?<\/h1>\n<p>[\/et_pb_text][et_pb_accordion open_toggle_background_color=\u00bb#ffffff\u00bb icon_color=\u00bb#b3b3b3&#8243; use_icon_font_size=\u00bbon\u00bb icon_font_size=\u00bb34px\u00bb _builder_version=\u00bb4.5.6&#8243; _module_preset=\u00bbdefault\u00bb toggle_font=\u00bb|800|||||||\u00bb toggle_font_size=\u00bb25px\u00bb body_font_size=\u00bb20px\u00bb global_colors_info=\u00bb{}\u00bb][et_pb_accordion_item title=\u00bbDise\u00f1o flexible\u00bb open=\u00bbon\u00bb _builder_version=\u00bb4.5.6&#8243; _module_preset=\u00bbdefault\u00bb global_colors_info=\u00bb{}\u00bb]<\/p>\n<ul>\n<li>Sin dimensionamiento de los string<\/li>\n<li>Varias configuraciones<\/li>\n<li>Dise\u00f1o completo en CA<\/li>\n<\/ul>\n<p>[\/et_pb_accordion_item][et_pb_accordion_item title=\u00bbInstalaci\u00f3n simplificada\u00bb _builder_version=\u00bb4.5.6&#8243; _module_preset=\u00bbdefault\u00bb global_colors_info=\u00bb{}\u00bb open=\u00bboff\u00bb]<\/p>\n<ul>\n<li>Instalaci\u00f3n totalmente en CA (sin trabajo el\u00e9ctrico en CC)<\/li>\n<li>Sin necesidad de inversor de string<\/li>\n<\/ul>\n<p>[\/et_pb_accordion_item][et_pb_accordion_item title=\u00bbMayor producci\u00f3n\u00bb _builder_version=\u00bb4.5.6&#8243; _module_preset=\u00bbdefault\u00bb global_colors_info=\u00bb{}\u00bb open=\u00bboff\u00bb]<\/p>\n<p>Seg\u00fan estudios independientes, Enphase produce hasta un 3,1 % m\u00e1s de energ\u00eda.[\/et_pb_accordion_item][et_pb_accordion_item title=\u00bbMayor fiabilidad\u00bb _builder_version=\u00bb4.5.6&#8243; _module_preset=\u00bbdefault\u00bb global_colors_info=\u00bb{}\u00bb open=\u00bboff\u00bb]Sin un \u00fanico punto de fallo.\u00a0[\/et_pb_accordion_item][et_pb_accordion_item title=\u00bbMayor durabilidad\u00bb _builder_version=\u00bb4.5.6&#8243; _module_preset=\u00bbdefault\u00bb global_colors_info=\u00bb{}\u00bb open=\u00bboff\u00bb]<\/p>\n<ul>\n<li>IP67<\/li>\n<li>Componentes sumamente fiables<\/li>\n<\/ul>\n<p>[\/et_pb_accordion_item][et_pb_accordion_item title=\u00bbMayor plazo de garant\u00eda\u00bb _builder_version=\u00bb4.5.6&#8243; _module_preset=\u00bbdefault\u00bb global_colors_info=\u00bb{}\u00bb open=\u00bboff\u00bb]Hasta 25 a\u00f1os[\/et_pb_accordion_item][\/et_pb_accordion][\/et_pb_column][et_pb_column type=\u00bb1_2&#8243; _builder_version=\u00bb4.5.6&#8243; _module_preset=\u00bbdefault\u00bb global_colors_info=\u00bb{}\u00bb][et_pb_text _builder_version=\u00bb4.5.6&#8243; _module_preset=\u00bbdefault\u00bb text_font_size=\u00bb20px\u00bb header_font=\u00bb|800|||||||\u00bb header_font_size=\u00bb51px\u00bb global_colors_info=\u00bb{}\u00bb]<\/p>\n<header>\n<h1>La diferencia<\/h1>\n<\/header>\n<p>&nbsp;<\/p>\n<p>&nbsp;<\/p>\n<p>Piensa en paneles solares como si fuera una serie de luces navide\u00f1as.<\/p>\n<p>En los sistemas convencionales de inversores, cuando un panel falla, el sistema en serie entero deja de funcionar.<\/p>\n<p>O cuando la generaci\u00f3n de energ\u00eda de un panel cae, debido a la ca\u00edda de hojas, una nube pasajera o alg\u00fan otro factor inevitable, el rendimiento general del sistema disminuye para emparejarse con el del panel que menos est\u00e1 produciendo.<\/p>\n<p><strong>Con los microinversores, cada panel funciona de manera independiente y la energ\u00eda que genera cada uno se suma, as\u00ed que no importa lo que le suceda a un panel en concreto, el resto de tu sistema seguir\u00e1 brillando por su rendimiento.<\/strong><\/p>\n<p>Adem\u00e1s es importante recordar la escalabilidad de la instalaci\u00f3n, en cuanto a la incorporaci\u00f3n de nuevos m\u00f3dulos fotovoltaicos, bater\u00edas, etc.<strong><\/strong><\/p>\n<p>Enphase propone sistemas energ\u00e9ticos de presente y futuro.<\/p>\n<p><strong><\/strong><\/p>\n<p>[\/et_pb_text][\/et_pb_column][\/et_pb_row][\/et_pb_section]<\/p>\n","protected":false},"excerpt":{"rendered":"<p>Microinversores Enphase Los microinversores de Enphase ofrecen la tecnolog\u00eda m\u00e1s avanzada de inversor en el mercado, lo que se traduce en una mayor producci\u00f3n, mayor fiabilidad y una inteligencia del sistema inigualable.\u00bfC\u00f3mo funciona?MicroinversoresLos paneles solares de tu tejado absorben la luz solar y la transforman en corriente continua (CC). Debajo de cada panel, un microinversor [&hellip;]<\/p>\n","protected":false},"author":1,"featured_media":0,"parent":0,"menu_order":0,"comment_status":"closed","ping_status":"closed","template":"","meta":{"_et_pb_use_builder":"on","_et_pb_old_content":"","_et_gb_content_width":"","footnotes":""},"class_list":["post-1811","page","type-page","status-publish","hentry"],"yoast_head":"<!-- This site is optimized with the Yoast SEO plugin v24.0 - https:\/\/yoast.com\/wordpress\/plugins\/seo\/ -->\n<title>Instalaci\u00f3n de microinversores Enphase - Tecnoam<\/title>\n<meta name=\"description\" content=\"Somos instaladores de Enphase, fabricante de microinversores para energ\u00eda solar fotovoltaica, con 25 a\u00f1os de garant\u00eda.\" \/>\n<meta name=\"robots\" content=\"index, follow, max-snippet:-1, max-image-preview:large, max-video-preview:-1\" \/>\n<link rel=\"canonical\" href=\"https:\/\/tecnoam.es\/?page_id=1811\" \/>\n<meta property=\"og:locale\" content=\"es_ES\" \/>\n<meta property=\"og:type\" content=\"article\" \/>\n<meta property=\"og:title\" content=\"Instalaci\u00f3n de microinversores Enphase - Tecnoam\" \/>\n<meta property=\"og:description\" content=\"Somos instaladores de Enphase, fabricante de microinversores para energ\u00eda solar fotovoltaica, con 25 a\u00f1os de garant\u00eda.\" \/>\n<meta property=\"og:url\" content=\"https:\/\/tecnoam.es\/?page_id=1811\" \/>\n<meta property=\"og:site_name\" content=\"Tecnoam\" \/>\n<meta property=\"article:publisher\" content=\"https:\/\/www.facebook.com\/tecnoamsl\" \/>\n<meta property=\"article:modified_time\" content=\"2022-02-04T15:04:18+00:00\" \/>\n<meta name=\"twitter:card\" content=\"summary_large_image\" \/>\n<meta name=\"twitter:site\" content=\"@tecnoamsl\" \/>\n<meta name=\"twitter:label1\" content=\"Tiempo de lectura\" \/>\n\t<meta name=\"twitter:data1\" content=\"9 minutos\" \/>\n<script type=\"application\/ld+json\" class=\"yoast-schema-graph\">{\"@context\":\"https:\/\/schema.org\",\"@graph\":[{\"@type\":\"WebPage\",\"@id\":\"https:\/\/tecnoam.es\/?page_id=1811\",\"url\":\"https:\/\/tecnoam.es\/?page_id=1811\",\"name\":\"Instalaci\u00f3n de microinversores Enphase - Tecnoam\",\"isPartOf\":{\"@id\":\"https:\/\/tecnoam.es\/#website\"},\"datePublished\":\"2020-08-12T09:37:45+00:00\",\"dateModified\":\"2022-02-04T15:04:18+00:00\",\"description\":\"Somos instaladores de Enphase, fabricante de microinversores para energ\u00eda solar fotovoltaica, con 25 a\u00f1os de garant\u00eda.\",\"breadcrumb\":{\"@id\":\"https:\/\/tecnoam.es\/?page_id=1811#breadcrumb\"},\"inLanguage\":\"es\",\"potentialAction\":[{\"@type\":\"ReadAction\",\"target\":[\"https:\/\/tecnoam.es\/?page_id=1811\"]}]},{\"@type\":\"BreadcrumbList\",\"@id\":\"https:\/\/tecnoam.es\/?page_id=1811#breadcrumb\",\"itemListElement\":[{\"@type\":\"ListItem\",\"position\":1,\"name\":\"Portada\",\"item\":\"https:\/\/tecnoam.es\/\"},{\"@type\":\"ListItem\",\"position\":2,\"name\":\"Microinversores\"}]},{\"@type\":\"WebSite\",\"@id\":\"https:\/\/tecnoam.es\/#website\",\"url\":\"https:\/\/tecnoam.es\/\",\"name\":\"Tecnoam\",\"description\":\"Instalaci\u00f3n y mantenimiento de energ\u00eda solar fotovoltaica\",\"publisher\":{\"@id\":\"https:\/\/tecnoam.es\/#organization\"},\"potentialAction\":[{\"@type\":\"SearchAction\",\"target\":{\"@type\":\"EntryPoint\",\"urlTemplate\":\"https:\/\/tecnoam.es\/?s={search_term_string}\"},\"query-input\":{\"@type\":\"PropertyValueSpecification\",\"valueRequired\":true,\"valueName\":\"search_term_string\"}}],\"inLanguage\":\"es\"},{\"@type\":\"Organization\",\"@id\":\"https:\/\/tecnoam.es\/#organization\",\"name\":\"Tecnoam\",\"url\":\"https:\/\/tecnoam.es\/\",\"logo\":{\"@type\":\"ImageObject\",\"inLanguage\":\"es\",\"@id\":\"https:\/\/tecnoam.es\/#\/schema\/logo\/image\/\",\"url\":\"\",\"contentUrl\":\"\",\"caption\":\"Tecnoam\"},\"image\":{\"@id\":\"https:\/\/tecnoam.es\/#\/schema\/logo\/image\/\"},\"sameAs\":[\"https:\/\/www.facebook.com\/tecnoamsl\",\"https:\/\/x.com\/tecnoamsl\",\"https:\/\/www.linkedin.com\/company\/tecnoam\"]}]}<\/script>\n<!-- \/ Yoast SEO plugin. -->","yoast_head_json":{"title":"Instalaci\u00f3n de microinversores Enphase - Tecnoam","description":"Somos instaladores de Enphase, fabricante de microinversores para energ\u00eda solar fotovoltaica, con 25 a\u00f1os de garant\u00eda.","robots":{"index":"index","follow":"follow","max-snippet":"max-snippet:-1","max-image-preview":"max-image-preview:large","max-video-preview":"max-video-preview:-1"},"canonical":"https:\/\/tecnoam.es\/?page_id=1811","og_locale":"es_ES","og_type":"article","og_title":"Instalaci\u00f3n de microinversores Enphase - Tecnoam","og_description":"Somos instaladores de Enphase, fabricante de microinversores para energ\u00eda solar fotovoltaica, con 25 a\u00f1os de garant\u00eda.","og_url":"https:\/\/tecnoam.es\/?page_id=1811","og_site_name":"Tecnoam","article_publisher":"https:\/\/www.facebook.com\/tecnoamsl","article_modified_time":"2022-02-04T15:04:18+00:00","twitter_card":"summary_large_image","twitter_site":"@tecnoamsl","twitter_misc":{"Tiempo de lectura":"9 minutos"},"schema":{"@context":"https:\/\/schema.org","@graph":[{"@type":"WebPage","@id":"https:\/\/tecnoam.es\/?page_id=1811","url":"https:\/\/tecnoam.es\/?page_id=1811","name":"Instalaci\u00f3n de microinversores Enphase - Tecnoam","isPartOf":{"@id":"https:\/\/tecnoam.es\/#website"},"datePublished":"2020-08-12T09:37:45+00:00","dateModified":"2022-02-04T15:04:18+00:00","description":"Somos instaladores de Enphase, fabricante de microinversores para energ\u00eda solar fotovoltaica, con 25 a\u00f1os de garant\u00eda.","breadcrumb":{"@id":"https:\/\/tecnoam.es\/?page_id=1811#breadcrumb"},"inLanguage":"es","potentialAction":[{"@type":"ReadAction","target":["https:\/\/tecnoam.es\/?page_id=1811"]}]},{"@type":"BreadcrumbList","@id":"https:\/\/tecnoam.es\/?page_id=1811#breadcrumb","itemListElement":[{"@type":"ListItem","position":1,"name":"Portada","item":"https:\/\/tecnoam.es\/"},{"@type":"ListItem","position":2,"name":"Microinversores"}]},{"@type":"WebSite","@id":"https:\/\/tecnoam.es\/#website","url":"https:\/\/tecnoam.es\/","name":"Tecnoam","description":"Instalaci\u00f3n y mantenimiento de energ\u00eda solar fotovoltaica","publisher":{"@id":"https:\/\/tecnoam.es\/#organization"},"potentialAction":[{"@type":"SearchAction","target":{"@type":"EntryPoint","urlTemplate":"https:\/\/tecnoam.es\/?s={search_term_string}"},"query-input":{"@type":"PropertyValueSpecification","valueRequired":true,"valueName":"search_term_string"}}],"inLanguage":"es"},{"@type":"Organization","@id":"https:\/\/tecnoam.es\/#organization","name":"Tecnoam","url":"https:\/\/tecnoam.es\/","logo":{"@type":"ImageObject","inLanguage":"es","@id":"https:\/\/tecnoam.es\/#\/schema\/logo\/image\/","url":"","contentUrl":"","caption":"Tecnoam"},"image":{"@id":"https:\/\/tecnoam.es\/#\/schema\/logo\/image\/"},"sameAs":["https:\/\/www.facebook.com\/tecnoamsl","https:\/\/x.com\/tecnoamsl","https:\/\/www.linkedin.com\/company\/tecnoam"]}]}},"jetpack_sharing_enabled":true,"_links":{"self":[{"href":"https:\/\/tecnoam.es\/index.php?rest_route=\/wp\/v2\/pages\/1811","targetHints":{"allow":["GET"]}}],"collection":[{"href":"https:\/\/tecnoam.es\/index.php?rest_route=\/wp\/v2\/pages"}],"about":[{"href":"https:\/\/tecnoam.es\/index.php?rest_route=\/wp\/v2\/types\/page"}],"author":[{"embeddable":true,"href":"https:\/\/tecnoam.es\/index.php?rest_route=\/wp\/v2\/users\/1"}],"replies":[{"embeddable":true,"href":"https:\/\/tecnoam.es\/index.php?rest_route=%2Fwp%2Fv2%2Fcomments&post=1811"}],"version-history":[{"count":9,"href":"https:\/\/tecnoam.es\/index.php?rest_route=\/wp\/v2\/pages\/1811\/revisions"}],"predecessor-version":[{"id":4395,"href":"https:\/\/tecnoam.es\/index.php?rest_route=\/wp\/v2\/pages\/1811\/revisions\/4395"}],"wp:attachment":[{"href":"https:\/\/tecnoam.es\/index.php?rest_route=%2Fwp%2Fv2%2Fmedia&parent=1811"}],"curies":[{"name":"wp","href":"https:\/\/api.w.org\/{rel}","templated":true}]}}