{"id":1300,"date":"2019-10-31T09:03:26","date_gmt":"2019-10-31T09:03:26","guid":{"rendered":"https:\/\/tecnoam.es\/?page_id=1300"},"modified":"2024-01-24T11:51:30","modified_gmt":"2024-01-24T11:51:30","slug":"blog","status":"publish","type":"page","link":"https:\/\/tecnoam.es\/?page_id=1300","title":{"rendered":"Blog"},"content":{"rendered":"<p>[et_pb_section fb_built=\u00bb1&#8243; _builder_version=\u00bb4.16&#8243; hover_enabled=\u00bb0&#8243; global_colors_info=\u00bb{}\u00bb sticky_enabled=\u00bb0&#8243;][et_pb_row _builder_version=\u00bb4.16&#8243; global_colors_info=\u00bb{}\u00bb][et_pb_column type=\u00bb4_4&#8243; _builder_version=\u00bb4.16&#8243; global_colors_info=\u00bb{}\u00bb][et_pb_blog fullwidth=\u00bboff\u00bb posts_number=\u00bb50&#8243; show_more=\u00bbon\u00bb _builder_version=\u00bb4.24.0&#8243; header_font=\u00bb|800|||||||\u00bb header_font_size=\u00bb16px\u00bb meta_font=\u00bb|600|||||||\u00bb meta_font_size=\u00bb11px\u00bb read_more_font=\u00bb|800|||on|||#E09900|solid\u00bb read_more_font_size=\u00bb16px\u00bb hover_enabled=\u00bb0&#8243; global_colors_info=\u00bb{}\u00bb read_more_text_color=\u00bb#E09900&#8243; sticky_enabled=\u00bb0&#8243;][\/et_pb_blog][\/et_pb_column][\/et_pb_row][\/et_pb_section]<\/p>\n","protected":false},"excerpt":{"rendered":"","protected":false},"author":1,"featured_media":0,"parent":0,"menu_order":0,"comment_status":"closed","ping_status":"closed","template":"","meta":{"_et_pb_use_builder":"on","_et_pb_old_content":"","_et_gb_content_width":"","footnotes":""},"class_list":["post-1300","page","type-page","status-publish","hentry"],"yoast_head":"<!-- This site is optimized with the Yoast SEO plugin v24.0 - https:\/\/yoast.com\/wordpress\/plugins\/seo\/ -->\n<title>Blog de art\u00edculos relacionados con la energ\u00eda solar fotovoltaica - Tecnoam<\/title>\n<meta name=\"description\" content=\"Art\u00edculos de inter\u00e9s general, relacionados con la energ\u00eda solar fotovoltaica, la electricidad y las nuevas tecnolog\u00edas.\" \/>\n<meta name=\"robots\" content=\"index, follow, max-snippet:-1, max-image-preview:large, max-video-preview:-1\" \/>\n<link rel=\"canonical\" href=\"https:\/\/tecnoam.es\/?page_id=1300\" \/>\n<meta property=\"og:locale\" content=\"es_ES\" \/>\n<meta property=\"og:type\" content=\"article\" \/>\n<meta property=\"og:title\" content=\"Blog de art\u00edculos relacionados con la energ\u00eda solar fotovoltaica - Tecnoam\" \/>\n<meta property=\"og:description\" content=\"Art\u00edculos de inter\u00e9s general, relacionados con la energ\u00eda solar fotovoltaica, la electricidad y las nuevas tecnolog\u00edas.\" \/>\n<meta property=\"og:url\" content=\"https:\/\/tecnoam.es\/?page_id=1300\" \/>\n<meta property=\"og:site_name\" content=\"Tecnoam\" \/>\n<meta property=\"article:publisher\" content=\"https:\/\/www.facebook.com\/tecnoamsl\" \/>\n<meta property=\"article:modified_time\" content=\"2024-01-24T11:51:30+00:00\" \/>\n<meta name=\"twitter:card\" content=\"summary_large_image\" \/>\n<meta name=\"twitter:site\" content=\"@tecnoamsl\" \/>\n<meta name=\"twitter:label1\" content=\"Tiempo de lectura\" \/>\n\t<meta name=\"twitter:data1\" content=\"1 minuto\" \/>\n<script type=\"application\/ld+json\" class=\"yoast-schema-graph\">{\"@context\":\"https:\/\/schema.org\",\"@graph\":[{\"@type\":\"WebPage\",\"@id\":\"https:\/\/tecnoam.es\/?page_id=1300\",\"url\":\"https:\/\/tecnoam.es\/?page_id=1300\",\"name\":\"Blog de art\u00edculos relacionados con la energ\u00eda solar fotovoltaica - Tecnoam\",\"isPartOf\":{\"@id\":\"https:\/\/tecnoam.es\/#website\"},\"datePublished\":\"2019-10-31T09:03:26+00:00\",\"dateModified\":\"2024-01-24T11:51:30+00:00\",\"description\":\"Art\u00edculos de inter\u00e9s general, relacionados con la energ\u00eda solar fotovoltaica, la electricidad y las nuevas tecnolog\u00edas.\",\"breadcrumb\":{\"@id\":\"https:\/\/tecnoam.es\/?page_id=1300#breadcrumb\"},\"inLanguage\":\"es\",\"potentialAction\":[{\"@type\":\"ReadAction\",\"target\":[\"https:\/\/tecnoam.es\/?page_id=1300\"]}]},{\"@type\":\"BreadcrumbList\",\"@id\":\"https:\/\/tecnoam.es\/?page_id=1300#breadcrumb\",\"itemListElement\":[{\"@type\":\"ListItem\",\"position\":1,\"name\":\"Portada\",\"item\":\"https:\/\/tecnoam.es\/\"},{\"@type\":\"ListItem\",\"position\":2,\"name\":\"Blog\"}]},{\"@type\":\"WebSite\",\"@id\":\"https:\/\/tecnoam.es\/#website\",\"url\":\"https:\/\/tecnoam.es\/\",\"name\":\"Tecnoam\",\"description\":\"Instalaci\u00f3n y mantenimiento de energ\u00eda solar fotovoltaica\",\"publisher\":{\"@id\":\"https:\/\/tecnoam.es\/#organization\"},\"potentialAction\":[{\"@type\":\"SearchAction\",\"target\":{\"@type\":\"EntryPoint\",\"urlTemplate\":\"https:\/\/tecnoam.es\/?s={search_term_string}\"},\"query-input\":{\"@type\":\"PropertyValueSpecification\",\"valueRequired\":true,\"valueName\":\"search_term_string\"}}],\"inLanguage\":\"es\"},{\"@type\":\"Organization\",\"@id\":\"https:\/\/tecnoam.es\/#organization\",\"name\":\"Tecnoam\",\"url\":\"https:\/\/tecnoam.es\/\",\"logo\":{\"@type\":\"ImageObject\",\"inLanguage\":\"es\",\"@id\":\"https:\/\/tecnoam.es\/#\/schema\/logo\/image\/\",\"url\":\"\",\"contentUrl\":\"\",\"caption\":\"Tecnoam\"},\"image\":{\"@id\":\"https:\/\/tecnoam.es\/#\/schema\/logo\/image\/\"},\"sameAs\":[\"https:\/\/www.facebook.com\/tecnoamsl\",\"https:\/\/x.com\/tecnoamsl\",\"https:\/\/www.linkedin.com\/company\/tecnoam\"]}]}<\/script>\n<!-- \/ Yoast SEO plugin. -->","yoast_head_json":{"title":"Blog de art\u00edculos relacionados con la energ\u00eda solar fotovoltaica - Tecnoam","description":"Art\u00edculos de inter\u00e9s general, relacionados con la energ\u00eda solar fotovoltaica, la electricidad y las nuevas tecnolog\u00edas.","robots":{"index":"index","follow":"follow","max-snippet":"max-snippet:-1","max-image-preview":"max-image-preview:large","max-video-preview":"max-video-preview:-1"},"canonical":"https:\/\/tecnoam.es\/?page_id=1300","og_locale":"es_ES","og_type":"article","og_title":"Blog de art\u00edculos relacionados con la energ\u00eda solar fotovoltaica - Tecnoam","og_description":"Art\u00edculos de inter\u00e9s general, relacionados con la energ\u00eda solar fotovoltaica, la electricidad y las nuevas tecnolog\u00edas.","og_url":"https:\/\/tecnoam.es\/?page_id=1300","og_site_name":"Tecnoam","article_publisher":"https:\/\/www.facebook.com\/tecnoamsl","article_modified_time":"2024-01-24T11:51:30+00:00","twitter_card":"summary_large_image","twitter_site":"@tecnoamsl","twitter_misc":{"Tiempo de lectura":"1 minuto"},"schema":{"@context":"https:\/\/schema.org","@graph":[{"@type":"WebPage","@id":"https:\/\/tecnoam.es\/?page_id=1300","url":"https:\/\/tecnoam.es\/?page_id=1300","name":"Blog de art\u00edculos relacionados con la energ\u00eda solar fotovoltaica - Tecnoam","isPartOf":{"@id":"https:\/\/tecnoam.es\/#website"},"datePublished":"2019-10-31T09:03:26+00:00","dateModified":"2024-01-24T11:51:30+00:00","description":"Art\u00edculos de inter\u00e9s general, relacionados con la energ\u00eda solar fotovoltaica, la electricidad y las nuevas tecnolog\u00edas.","breadcrumb":{"@id":"https:\/\/tecnoam.es\/?page_id=1300#breadcrumb"},"inLanguage":"es","potentialAction":[{"@type":"ReadAction","target":["https:\/\/tecnoam.es\/?page_id=1300"]}]},{"@type":"BreadcrumbList","@id":"https:\/\/tecnoam.es\/?page_id=1300#breadcrumb","itemListElement":[{"@type":"ListItem","position":1,"name":"Portada","item":"https:\/\/tecnoam.es\/"},{"@type":"ListItem","position":2,"name":"Blog"}]},{"@type":"WebSite","@id":"https:\/\/tecnoam.es\/#website","url":"https:\/\/tecnoam.es\/","name":"Tecnoam","description":"Instalaci\u00f3n y mantenimiento de energ\u00eda solar fotovoltaica","publisher":{"@id":"https:\/\/tecnoam.es\/#organization"},"potentialAction":[{"@type":"SearchAction","target":{"@type":"EntryPoint","urlTemplate":"https:\/\/tecnoam.es\/?s={search_term_string}"},"query-input":{"@type":"PropertyValueSpecification","valueRequired":true,"valueName":"search_term_string"}}],"inLanguage":"es"},{"@type":"Organization","@id":"https:\/\/tecnoam.es\/#organization","name":"Tecnoam","url":"https:\/\/tecnoam.es\/","logo":{"@type":"ImageObject","inLanguage":"es","@id":"https:\/\/tecnoam.es\/#\/schema\/logo\/image\/","url":"","contentUrl":"","caption":"Tecnoam"},"image":{"@id":"https:\/\/tecnoam.es\/#\/schema\/logo\/image\/"},"sameAs":["https:\/\/www.facebook.com\/tecnoamsl","https:\/\/x.com\/tecnoamsl","https:\/\/www.linkedin.com\/company\/tecnoam"]}]}},"jetpack_sharing_enabled":true,"_links":{"self":[{"href":"https:\/\/tecnoam.es\/index.php?rest_route=\/wp\/v2\/pages\/1300","targetHints":{"allow":["GET"]}}],"collection":[{"href":"https:\/\/tecnoam.es\/index.php?rest_route=\/wp\/v2\/pages"}],"about":[{"href":"https:\/\/tecnoam.es\/index.php?rest_route=\/wp\/v2\/types\/page"}],"author":[{"embeddable":true,"href":"https:\/\/tecnoam.es\/index.php?rest_route=\/wp\/v2\/users\/1"}],"replies":[{"embeddable":true,"href":"https:\/\/tecnoam.es\/index.php?rest_route=%2Fwp%2Fv2%2Fcomments&post=1300"}],"version-history":[{"count":8,"href":"https:\/\/tecnoam.es\/index.php?rest_route=\/wp\/v2\/pages\/1300\/revisions"}],"predecessor-version":[{"id":4842,"href":"https:\/\/tecnoam.es\/index.php?rest_route=\/wp\/v2\/pages\/1300\/revisions\/4842"}],"wp:attachment":[{"href":"https:\/\/tecnoam.es\/index.php?rest_route=%2Fwp%2Fv2%2Fmedia&parent=1300"}],"curies":[{"name":"wp","href":"https:\/\/api.w.org\/{rel}","templated":true}]}}